{"id":57,"date":"2019-09-11T11:28:32","date_gmt":"2019-09-11T11:28:32","guid":{"rendered":"http:\/\/leben-daneben.de\/?page_id=57"},"modified":"2025-02-26T12:38:29","modified_gmt":"2025-02-26T12:38:29","slug":"ueber-mich","status":"publish","type":"page","link":"https:\/\/leben-daneben.de\/?page_id=57","title":{"rendered":"Corina"},"content":{"rendered":"<p>[et_pb_section fb_built=&#8220;1&#8243; fullwidth=&#8220;on&#8220; _builder_version=&#8220;4.3.2&#8243; background_image=&#8220;https:\/\/leben-daneben.de\/wp-content\/uploads\/2020\/02\/Corina-Lass_Portrait-2.png&#8220; animation_direction=&#8220;top&#8220;][et_pb_fullwidth_header title=&#8220;Leben daneben&#8220; button_one_text=&#8220;Mein Ansatz&#8220; button_one_url=&#8220;@ET-DC@eyJkeW5hbWljIjp0cnVlLCJjb250ZW50IjoicG9zdF9saW5rX3VybF9wYWdlIiwic2V0dGluZ3MiOnsicG9zdF9pZCI6IjU3In19@&#8220; content_max_width=&#8220;700px&#8220; _builder_version=&#8220;4.3.2&#8243; _dynamic_attributes=&#8220;button_one_url&#8220; title_font=&#8220;Lato||||||||&#8220; title_font_size=&#8220;60px&#8220; title_line_height=&#8220;1.2em&#8220; content_font=&#8220;||||||||&#8220; content_font_size=&#8220;20px&#8220; content_line_height=&#8220;1.8em&#8220; background_color=&#8220;rgba(255, 255, 255, 0)&#8220; use_background_color_gradient=&#8220;on&#8220; background_color_gradient_start=&#8220;rgba(2,104,237,0.35)&#8220; background_color_gradient_end=&#8220;rgba(0,0,0,0)&#8220; background_color_gradient_direction=&#8220;90deg&#8220; background_color_gradient_overlays_image=&#8220;on&#8220; background_enable_image=&#8220;off&#8220; background_position=&#8220;center_right&#8220; custom_button_two=&#8220;on&#8220; button_two_text_size=&#8220;22px&#8220; button_two_text_color=&#8220;#353740&#8243; button_two_bg_color=&#8220;rgba(224,207,177,0.91)&#8220; button_two_border_width=&#8220;0px&#8220; button_two_border_color=&#8220;#ffffff&#8220; button_two_border_radius=&#8220;0px&#8220; button_two_letter_spacing=&#8220;1px&#8220; button_two_font=&#8220;Lato||||||||&#8220; button_two_use_icon=&#8220;off&#8220; custom_margin=&#8220;|||&#8220; custom_padding=&#8220;16.4%||12%|||&#8220; button_one_letter_spacing_hover=&#8220;1px&#8220; button_two_letter_spacing_hover=&#8220;1px&#8220; global_module=&#8220;171&#8243; saved_tabs=&#8220;all&#8220; button_one_text_size__hover_enabled=&#8220;off&#8220; button_two_text_size__hover_enabled=&#8220;off&#8220; button_one_text_color__hover_enabled=&#8220;off&#8220; button_two_text_color__hover_enabled=&#8220;off&#8220; button_one_border_width__hover_enabled=&#8220;off&#8220; button_two_border_width__hover_enabled=&#8220;off&#8220; button_one_border_color__hover_enabled=&#8220;off&#8220; button_two_border_color__hover_enabled=&#8220;off&#8220; button_one_border_radius__hover_enabled=&#8220;off&#8220; button_two_border_radius__hover_enabled=&#8220;off&#8220; button_one_letter_spacing__hover_enabled=&#8220;on&#8220; button_one_letter_spacing__hover=&#8220;1px&#8220; button_two_letter_spacing__hover_enabled=&#8220;on&#8220; button_two_letter_spacing__hover=&#8220;1px&#8220; button_one_bg_color__hover_enabled=&#8220;off&#8220; button_two_bg_color__hover_enabled=&#8220;off&#8220;]<\/p>\n<p>Training | Coaching | Denkr\u00e4ume<\/p>\n<p>[\/et_pb_fullwidth_header][\/et_pb_section][et_pb_section fb_built=&#8220;1&#8243; admin_label=&#8220;Market Information Section&#8220; _builder_version=&#8220;4.3.2&#8243; background_color=&#8220;rgba(0,81,122,0.16)&#8220; custom_padding=&#8220;15px||4px|||&#8220;][et_pb_row column_structure=&#8220;1_3,2_3&#8243; admin_label=&#8220;Market Information Title Area&#8220; _builder_version=&#8220;3.25&#8243; custom_padding=&#8220;40px|0px|14px|0px||&#8220;][et_pb_column type=&#8220;1_3&#8243; _builder_version=&#8220;3.25&#8243; custom_padding=&#8220;|||&#8220; custom_padding__hover=&#8220;|||&#8220;][et_pb_text admin_label=&#8220;Title&#8220; _builder_version=&#8220;4.3.2&#8243; text_font=&#8220;||||||||&#8220; header_font=&#8220;||||||||&#8220; header_2_font=&#8220;Lato||||||||&#8220; header_2_font_size=&#8220;34px&#8220; header_2_line_height=&#8220;1.2em&#8220; custom_padding=&#8220;|||&#8220; animation_direction=&#8220;left&#8220;]<\/p>\n<h2>Corina Lass<\/h2>\n<p>[\/et_pb_text][\/et_pb_column][et_pb_column type=&#8220;2_3&#8243; _builder_version=&#8220;3.25&#8243; custom_padding=&#8220;|||&#8220; custom_padding__hover=&#8220;|||&#8220;][et_pb_text _builder_version=&#8220;4.3.2&#8243; text_font=&#8220;||||||||&#8220; text_font_size=&#8220;16px&#8220; header_font=&#8220;||||||||&#8220; animation_direction=&#8220;left&#8220;]<\/p>\n<p>Meine pers\u00f6nliche Erfahrung hat den wichtigsten Anteil daran, dass ich als Trainerin und Coach heute empathische, ehrliche und wirksame Arbeit leisten kann. Denn auch ich merkte irgendwann, dass das Leben, das ich f\u00fchrte, nicht mehr zu mir passte. Auch ich stand im Leben mal daneben.<\/p>\n<p>Neurobiologie und Hirnforschung haben gezeigt: Wir k\u00f6nnen die Datenautobahnen in unserem Gehirn aktiv ver\u00e4ndern und damit auch, wie sehr wir uns in unserem eigenen Leben zu Hause f\u00fchlen, ob wir es selbstbestimmt leben und ob wir gl\u00fccklich sind.<\/p>\n<p>Diesen Prozess bei Menschen ansto\u00dfen zu k\u00f6nnen, ihnen einen empathischen Zugang zu sich selbst und anderen aufzuzeigen, ihnen zu erm\u00f6glichen, ihr Leben und ihre Beziehungen so zu f\u00fchren, wie sie sich diese w\u00fcnschen, ist das Ziel meiner Arbeit als Coach und als Trainerin.<\/p>\n<p>Dabei richten wir den Blick\u00a0nach vorn. Die F\u00e4higkeit zur Emotionserkennung ist dabei ein wichtiger Bestandteil. Denn um zu verstehen, was in einem Menschen vorgeht, m\u00fcssen wir erkennen k\u00f6nnen, welche Emotionen ihn bewegen. In mein Coaching und Training flie\u00dfen Aspekte der Positiven Psychologie ein.\u00a0<\/p>\n<p>&nbsp;<\/p>\n<p><strong>Corina Lass:<\/strong><\/p>\n<p><span style=\"font-size: 16px;\">\u2022\u00a0<span>Inhaberin von &#8222;Leben daneben&#8220;<\/span><br \/><span>\u2022 <\/span>Positive Leadership PERMA-Lead<span>\u00ae<\/span>, Profilerin (360\u00b0-Feedback, Unternehmensanalyse)\u00a0<\/span><span style=\"font-size: 16px;\"><br \/><span>\u2022 F.I.R.E. Business Negotiation System\u00ae, Trainerin<\/span>\u00a0<br \/>\u2022 <span>Mimikresonanz\u00ae-Trainerin\/-Beraterin\/-Profilerin\u00a0<\/span><br \/><\/span><span style=\"font-size: 16px;\">\u2022 Systemischer Coach<br \/><\/span><span style=\"font-size: 16px;\">\u2022 Kommunikationstrainerin, Daxing, Beijing, China<br \/><span>\u2022 Stipendiatin, Heinz-K\u00fchn-Stiftung, Addis Abeba, \u00c4thiopien<\/span><br \/><\/span><span>\u2022 <\/span>Redakteurin, Bielefeld\u00a0<span style=\"font-size: 16px;\"><br \/><\/span><span style=\"font-size: 16px;\">\u2022 Jura-Studentin, M\u00fcnster und K\u00f6ln<\/span><\/p>\n<p>[\/et_pb_text][\/et_pb_column][\/et_pb_row][\/et_pb_section][et_pb_section fb_built=&#8220;1&#8243; admin_label=&#8220;Feature Section&#8220; _builder_version=&#8220;4.3.2&#8243; background_color=&#8220;rgba(0,81,122,0.16)&#8220; custom_padding=&#8220;13px||100px|||&#8220;][et_pb_row column_structure=&#8220;1_2,1_2&#8243; _builder_version=&#8220;4.3.2&#8243; min_height=&#8220;283px&#8220; custom_padding=&#8220;77px|||||&#8220;][et_pb_column type=&#8220;1_2&#8243; _builder_version=&#8220;4.3.2&#8243;][et_pb_text _builder_version=&#8220;4.3.2&#8243; text_font_size=&#8220;16px&#8220;]<\/p>\n<p><strong>Leben daneben<br \/> Training | Coaching | Denkr\u00e4ume<\/strong><\/p>\n<p>Corina Lass<br \/>Am Sudholz 37<br \/> 33613 Bielefeld<\/p>\n<p>Tel: 0177 2 67 46 25<br \/> E-Mail: info<span>[at]<\/span>leben-daneben.de<\/p>\n<p>[\/et_pb_text][\/et_pb_column][et_pb_column type=&#8220;1_2&#8243; _builder_version=&#8220;4.3.2&#8243;][et_pb_contact_form captcha=&#8220;off&#8220; email=&#8220;corina-lass@gmx.net&#8220; title=&#8220;Kontakt&#8220; custom_message=&#8220;Kontakt||et_pb_line_break_holder||||et_pb_line_break_holder||Name: %%Name%%||et_pb_line_break_holder||E-Mail-Adresse: %%Email%%||et_pb_line_break_holder||Nachricht: %%Message%%&#8220; _builder_version=&#8220;4.8.2&#8243; title_font=&#8220;|600|||||||&#8220; title_font_size=&#8220;18px&#8220; custom_button=&#8220;on&#8220; button_text_color=&#8220;#001059&#8243; button_border_color=&#8220;#001654&#8243;][et_pb_contact_field field_id=&#8220;Name&#8220; field_title=&#8220;Name:&#8220; _builder_version=&#8220;4.3.2&#8243; button_text_size__hover_enabled=&#8220;off&#8220; button_one_text_size__hover_enabled=&#8220;off&#8220; button_two_text_size__hover_enabled=&#8220;off&#8220; button_text_color__hover_enabled=&#8220;off&#8220; button_one_text_color__hover_enabled=&#8220;off&#8220; button_two_text_color__hover_enabled=&#8220;off&#8220; button_border_width__hover_enabled=&#8220;off&#8220; button_one_border_width__hover_enabled=&#8220;off&#8220; button_two_border_width__hover_enabled=&#8220;off&#8220; button_border_color__hover_enabled=&#8220;off&#8220; button_one_border_color__hover_enabled=&#8220;off&#8220; button_two_border_color__hover_enabled=&#8220;off&#8220; button_border_radius__hover_enabled=&#8220;off&#8220; button_one_border_radius__hover_enabled=&#8220;off&#8220; button_two_border_radius__hover_enabled=&#8220;off&#8220; button_letter_spacing__hover_enabled=&#8220;off&#8220; button_one_letter_spacing__hover_enabled=&#8220;off&#8220; button_two_letter_spacing__hover_enabled=&#8220;off&#8220; button_bg_color__hover_enabled=&#8220;off&#8220; button_one_bg_color__hover_enabled=&#8220;off&#8220; button_two_bg_color__hover_enabled=&#8220;off&#8220;][\/et_pb_contact_field][et_pb_contact_field field_id=&#8220;Email&#8220; field_title=&#8220;E-Mail-Adresse:&#8220; field_type=&#8220;email&#8220; _builder_version=&#8220;4.3.2&#8243; button_text_size__hover_enabled=&#8220;off&#8220; button_one_text_size__hover_enabled=&#8220;off&#8220; button_two_text_size__hover_enabled=&#8220;off&#8220; button_text_color__hover_enabled=&#8220;off&#8220; button_one_text_color__hover_enabled=&#8220;off&#8220; button_two_text_color__hover_enabled=&#8220;off&#8220; button_border_width__hover_enabled=&#8220;off&#8220; button_one_border_width__hover_enabled=&#8220;off&#8220; button_two_border_width__hover_enabled=&#8220;off&#8220; button_border_color__hover_enabled=&#8220;off&#8220; button_one_border_color__hover_enabled=&#8220;off&#8220; button_two_border_color__hover_enabled=&#8220;off&#8220; button_border_radius__hover_enabled=&#8220;off&#8220; button_one_border_radius__hover_enabled=&#8220;off&#8220; button_two_border_radius__hover_enabled=&#8220;off&#8220; button_letter_spacing__hover_enabled=&#8220;off&#8220; button_one_letter_spacing__hover_enabled=&#8220;off&#8220; button_two_letter_spacing__hover_enabled=&#8220;off&#8220; button_bg_color__hover_enabled=&#8220;off&#8220; button_one_bg_color__hover_enabled=&#8220;off&#8220; button_two_bg_color__hover_enabled=&#8220;off&#8220;][\/et_pb_contact_field][et_pb_contact_field field_id=&#8220;Message&#8220; field_title=&#8220;Nachricht:&#8220; field_type=&#8220;text&#8220; fullwidth_field=&#8220;on&#8220; _builder_version=&#8220;4.3.2&#8243; button_text_size__hover_enabled=&#8220;off&#8220; button_one_text_size__hover_enabled=&#8220;off&#8220; button_two_text_size__hover_enabled=&#8220;off&#8220; button_text_color__hover_enabled=&#8220;off&#8220; button_one_text_color__hover_enabled=&#8220;off&#8220; button_two_text_color__hover_enabled=&#8220;off&#8220; button_border_width__hover_enabled=&#8220;off&#8220; button_one_border_width__hover_enabled=&#8220;off&#8220; button_two_border_width__hover_enabled=&#8220;off&#8220; button_border_color__hover_enabled=&#8220;off&#8220; button_one_border_color__hover_enabled=&#8220;off&#8220; button_two_border_color__hover_enabled=&#8220;off&#8220; button_border_radius__hover_enabled=&#8220;off&#8220; button_one_border_radius__hover_enabled=&#8220;off&#8220; button_two_border_radius__hover_enabled=&#8220;off&#8220; button_letter_spacing__hover_enabled=&#8220;off&#8220; button_one_letter_spacing__hover_enabled=&#8220;off&#8220; button_two_letter_spacing__hover_enabled=&#8220;off&#8220; button_bg_color__hover_enabled=&#8220;off&#8220; button_one_bg_color__hover_enabled=&#8220;off&#8220; button_two_bg_color__hover_enabled=&#8220;off&#8220;][\/et_pb_contact_field][et_pb_contact_field field_id=&#8220;dsgvo&#8220; field_title=&#8220;Zustimmung zur Verarbeitung der Daten&#8220; field_type=&#8220;checkbox&#8220; checkbox_options=&#8220;%91{%22value%22:%22Ich stimme der Verarbeitung meiner Daten zu, gem\u00e4\u00df der %22,%22checked%22:0,%22dragID%22:-1,%22link_url%22:%22https:\/\/leben-daneben.de\/?page_id=195%22,%22link_text%22:%22Datenschutzbestimmungen.%22}%93&#8243; fullwidth_field=&#8220;on&#8220; _builder_version=&#8220;4.3.2&#8243;][\/et_pb_contact_field][\/et_pb_contact_form][\/et_pb_column][\/et_pb_row][\/et_pb_section]<\/p>\n","protected":false},"excerpt":{"rendered":"<p>[et_pb_section fb_built=&#8220;1&#8243; fullwidth=&#8220;on&#8220; _builder_version=&#8220;4.3.2&#8243; background_image=&#8220;https:\/\/leben-daneben.de\/wp-content\/uploads\/2020\/02\/Corina-Lass_Portrait-2.png&#8220; animation_direction=&#8220;top&#8220;][et_pb_fullwidth_header title=&#8220;Leben daneben&#8220; button_one_text=&#8220;Mein Ansatz&#8220; button_one_url=&#8220;@ET-DC@eyJkeW5hbWljIjp0cnVlLCJjb250ZW50IjoicG9zdF9saW5rX3VybF9wYWdlIiwic2V0dGluZ3MiOnsicG9zdF9pZCI6IjU3In19@&#8220; content_max_width=&#8220;700px&#8220; _builder_version=&#8220;4.3.2&#8243; _dynamic_attributes=&#8220;button_one_url&#8220; title_font=&#8220;Lato||||||||&#8220; title_font_size=&#8220;60px&#8220; title_line_height=&#8220;1.2em&#8220; content_font=&#8220;||||||||&#8220; content_font_size=&#8220;20px&#8220; content_line_height=&#8220;1.8em&#8220; background_color=&#8220;rgba(255, 255, 255, 0)&#8220; use_background_color_gradient=&#8220;on&#8220; background_color_gradient_start=&#8220;rgba(2,104,237,0.35)&#8220; background_color_gradient_end=&#8220;rgba(0,0,0,0)&#8220; background_color_gradient_direction=&#8220;90deg&#8220; background_color_gradient_overlays_image=&#8220;on&#8220; background_enable_image=&#8220;off&#8220; background_position=&#8220;center_right&#8220; custom_button_two=&#8220;on&#8220; button_two_text_size=&#8220;22px&#8220; button_two_text_color=&#8220;#353740&#8243; button_two_bg_color=&#8220;rgba(224,207,177,0.91)&#8220; button_two_border_width=&#8220;0px&#8220; button_two_border_color=&#8220;#ffffff&#8220; button_two_border_radius=&#8220;0px&#8220; button_two_letter_spacing=&#8220;1px&#8220; button_two_font=&#8220;Lato||||||||&#8220; button_two_use_icon=&#8220;off&#8220; custom_margin=&#8220;|||&#8220; custom_padding=&#8220;16.4%||12%|||&#8220; button_one_letter_spacing_hover=&#8220;1px&#8220; button_two_letter_spacing_hover=&#8220;1px&#8220; global_module=&#8220;171&#8243; saved_tabs=&#8220;all&#8220; button_one_text_size__hover_enabled=&#8220;off&#8220; button_two_text_size__hover_enabled=&#8220;off&#8220; button_one_text_color__hover_enabled=&#8220;off&#8220; button_two_text_color__hover_enabled=&#8220;off&#8220; button_one_border_width__hover_enabled=&#8220;off&#8220; button_two_border_width__hover_enabled=&#8220;off&#8220; button_one_border_color__hover_enabled=&#8220;off&#8220; button_two_border_color__hover_enabled=&#8220;off&#8220; [&hellip;]<\/p>\n","protected":false},"author":1,"featured_media":0,"parent":0,"menu_order":0,"comment_status":"closed","ping_status":"closed","template":"","meta":{"_et_pb_use_builder":"on","_et_pb_old_content":"","_et_gb_content_width":"","footnotes":""},"class_list":["post-57","page","type-page","status-publish","hentry"],"_links":{"self":[{"href":"https:\/\/leben-daneben.de\/index.php?rest_route=\/wp\/v2\/pages\/57","targetHints":{"allow":["GET"]}}],"collection":[{"href":"https:\/\/leben-daneben.de\/index.php?rest_route=\/wp\/v2\/pages"}],"about":[{"href":"https:\/\/leben-daneben.de\/index.php?rest_route=\/wp\/v2\/types\/page"}],"author":[{"embeddable":true,"href":"https:\/\/leben-daneben.de\/index.php?rest_route=\/wp\/v2\/users\/1"}],"replies":[{"embeddable":true,"href":"https:\/\/leben-daneben.de\/index.php?rest_route=%2Fwp%2Fv2%2Fcomments&post=57"}],"version-history":[{"count":55,"href":"https:\/\/leben-daneben.de\/index.php?rest_route=\/wp\/v2\/pages\/57\/revisions"}],"predecessor-version":[{"id":1480,"href":"https:\/\/leben-daneben.de\/index.php?rest_route=\/wp\/v2\/pages\/57\/revisions\/1480"}],"wp:attachment":[{"href":"https:\/\/leben-daneben.de\/index.php?rest_route=%2Fwp%2Fv2%2Fmedia&parent=57"}],"curies":[{"name":"wp","href":"https:\/\/api.w.org\/{rel}","templated":true}]}}