{"id":44,"date":"2019-09-11T11:26:00","date_gmt":"2019-09-11T11:26:00","guid":{"rendered":"http:\/\/leben-daneben.de\/?page_id=44"},"modified":"2025-02-26T12:44:56","modified_gmt":"2025-02-26T12:44:56","slug":"seminare","status":"publish","type":"page","link":"https:\/\/leben-daneben.de\/?page_id=44","title":{"rendered":"Mimikresonanz"},"content":{"rendered":"<p>[et_pb_section fb_built=&#8220;1&#8243; fullwidth=&#8220;on&#8220; _builder_version=&#8220;4.3.2&#8243; background_image=&#8220;https:\/\/leben-daneben.de\/wp-content\/uploads\/2020\/02\/Corina-Lass_Portrait-2.png&#8220; animation_style=&#8220;slide&#8220; animation_direction=&#8220;top&#8220; animation_duration=&#8220;0ms&#8220; animation_intensity_slide=&#8220;2%&#8220; animation_starting_opacity=&#8220;100%&#8220;][et_pb_fullwidth_header title=&#8220;Leben daneben&#8220; button_one_text=&#8220;Mein Ansatz&#8220; button_one_url=&#8220;@ET-DC@eyJkeW5hbWljIjp0cnVlLCJjb250ZW50IjoicG9zdF9saW5rX3VybF9wYWdlIiwic2V0dGluZ3MiOnsicG9zdF9pZCI6IjU3In19@&#8220; content_max_width=&#8220;700px&#8220; _builder_version=&#8220;4.3.2&#8243; _dynamic_attributes=&#8220;button_one_url&#8220; title_font=&#8220;Lato||||||||&#8220; title_font_size=&#8220;60px&#8220; title_line_height=&#8220;1.2em&#8220; content_font=&#8220;||||||||&#8220; content_font_size=&#8220;20px&#8220; content_line_height=&#8220;1.8em&#8220; background_color=&#8220;rgba(255, 255, 255, 0)&#8220; use_background_color_gradient=&#8220;on&#8220; background_color_gradient_start=&#8220;rgba(2,104,237,0.35)&#8220; background_color_gradient_end=&#8220;rgba(0,0,0,0)&#8220; background_color_gradient_direction=&#8220;90deg&#8220; background_color_gradient_overlays_image=&#8220;on&#8220; background_enable_image=&#8220;off&#8220; background_position=&#8220;center_right&#8220; custom_button_two=&#8220;on&#8220; button_two_text_size=&#8220;22px&#8220; button_two_text_color=&#8220;#353740&#8243; button_two_bg_color=&#8220;rgba(224,207,177,0.91)&#8220; button_two_border_width=&#8220;0px&#8220; button_two_border_color=&#8220;#ffffff&#8220; button_two_border_radius=&#8220;0px&#8220; button_two_letter_spacing=&#8220;1px&#8220; button_two_font=&#8220;Lato||||||||&#8220; button_two_use_icon=&#8220;off&#8220; custom_margin=&#8220;|||&#8220; custom_padding=&#8220;16.4%||12%|||&#8220; button_one_letter_spacing_hover=&#8220;1px&#8220; button_two_letter_spacing_hover=&#8220;1px&#8220; global_module=&#8220;171&#8243; saved_tabs=&#8220;all&#8220; button_one_text_size__hover_enabled=&#8220;off&#8220; button_two_text_size__hover_enabled=&#8220;off&#8220; button_one_text_color__hover_enabled=&#8220;off&#8220; button_two_text_color__hover_enabled=&#8220;off&#8220; button_one_border_width__hover_enabled=&#8220;off&#8220; button_two_border_width__hover_enabled=&#8220;off&#8220; button_one_border_color__hover_enabled=&#8220;off&#8220; button_two_border_color__hover_enabled=&#8220;off&#8220; button_one_border_radius__hover_enabled=&#8220;off&#8220; button_two_border_radius__hover_enabled=&#8220;off&#8220; button_one_letter_spacing__hover_enabled=&#8220;on&#8220; button_one_letter_spacing__hover=&#8220;1px&#8220; button_two_letter_spacing__hover_enabled=&#8220;on&#8220; button_two_letter_spacing__hover=&#8220;1px&#8220; button_one_bg_color__hover_enabled=&#8220;off&#8220; button_two_bg_color__hover_enabled=&#8220;off&#8220;]<\/p>\n<p>Training | Coaching | Denkr\u00e4ume<\/p>\n<p>[\/et_pb_fullwidth_header][\/et_pb_section][et_pb_section fb_built=&#8220;1&#8243; admin_label=&#8220;Market Information Section&#8220; _builder_version=&#8220;4.3.2&#8243; background_color=&#8220;rgba(0,81,122,0.16)&#8220; custom_padding=&#8220;15px||4px|||&#8220;][et_pb_row column_structure=&#8220;1_3,2_3&#8243; admin_label=&#8220;Market Information Title Area&#8220; _builder_version=&#8220;3.25&#8243; custom_padding=&#8220;40px|0px|7px|0px||&#8220;][et_pb_column type=&#8220;1_3&#8243; _builder_version=&#8220;3.25&#8243; custom_padding=&#8220;|||&#8220; custom_padding__hover=&#8220;|||&#8220;][et_pb_text admin_label=&#8220;Title&#8220; _builder_version=&#8220;4.3.2&#8243; text_font=&#8220;||||||||&#8220; header_font=&#8220;||||||||&#8220; header_2_font=&#8220;Lato||||||||&#8220; header_2_font_size=&#8220;34px&#8220; header_2_line_height=&#8220;1.2em&#8220; custom_padding=&#8220;|||&#8220; animation_direction=&#8220;left&#8220;]<\/p>\n<h2>Was dich in meinen Mimikresonanz<span>\u00ae<\/span>-Trainings erwartet<\/h2>\n<p>[\/et_pb_text][et_pb_image src=&#8220;https:\/\/leben-daneben.de\/wp-content\/uploads\/2020\/06\/Corina-Lass_Mimik_0138.png&#8220; _builder_version=&#8220;4.3.2&#8243; custom_margin=&#8220;||9px|||&#8220;][\/et_pb_image][\/et_pb_column][et_pb_column type=&#8220;2_3&#8243; _builder_version=&#8220;3.25&#8243; custom_padding=&#8220;|||&#8220; custom_padding__hover=&#8220;|||&#8220;][et_pb_text _builder_version=&#8220;4.3.2&#8243; text_font=&#8220;||||||||&#8220; text_font_size=&#8220;16px&#8220; header_font=&#8220;||||||||&#8220; animation_style=&#8220;flip&#8220; animation_direction=&#8220;left&#8220; animation_duration=&#8220;0ms&#8220; animation_intensity_flip=&#8220;20%&#8220; animation_starting_opacity=&#8220;100%&#8220;]<\/p>\n<p>F\u00fcr wenige Millisekunden schnellen die Augenbrauen nach oben, die Lippen sind kurz gesch\u00fcrzt, ein L\u00e4cheln huscht \u00fcbers Gesicht. Unser Gegen\u00fcber teilt uns mit, welche Emotionen ihn gerade bewegen. Doch wir nehmen oft nicht mehr als ein Zucken wahr. Dabei gibt die Mimik zuverl\u00e4ssig Auskunft dar\u00fcber, was unser Gespr\u00e4chspartner gerade f\u00fchlt, ob er Einw\u00e4nde hat oder uns noch mit Interesse folgt.\u00a0 \u00a0 \u00a0 \u00a0 \u00a0 \u00a0 \u00a0 \u00a0 \u00a0 \u00a0 \u00a0 \u00a0 \u00a0 \u00a0 \u00a0\u00a0<\/p>\n<p>Wer das zu lesen wei\u00df, ist im Besitz einer Schl\u00fcsselkompetenz der emotionalen Intelligenz. Denn Emotionen pr\u00e4zise wahrnehmen zu k\u00f6nnen, ist ein wesentlicher Baustein f\u00fcr harmonische Beziehungen, beruflichen und wirtschaftlichen Erfolg. Studien belegen das. Und sie legen nahe: Emotionserkennung ist die W\u00e4hrung des 21. Jahrhunderts.<\/p>\n<p>[\/et_pb_text][et_pb_text _builder_version=&#8220;4.3.2&#8243; text_font=&#8220;Cormorant Garamond|700|on||||||&#8220; text_text_color=&#8220;#960019&#8243; text_font_size=&#8220;34px&#8220; text_line_height=&#8220;1.3em&#8220; header_font=&#8220;||||||||&#8220; text_orientation=&#8220;center&#8220; animation_style=&#8220;flip&#8220; animation_direction=&#8220;left&#8220; animation_duration=&#8220;0ms&#8220; animation_intensity_flip=&#8220;20%&#8220; animation_starting_opacity=&#8220;100%&#8220;]<\/p>\n<p>\u201eWir haben verlernt, die Augen auf etwas ruhen zu lassen. Deshalb erkennen wir so wenig.\u201c<\/p>\n<p>[\/et_pb_text][et_pb_text _builder_version=&#8220;4.3.2&#8243; text_font=&#8220;||||||||&#8220; text_text_color=&#8220;#960019&#8243; text_font_size=&#8220;16px&#8220; header_font=&#8220;||||||||&#8220; text_orientation=&#8220;center&#8220; animation_style=&#8220;flip&#8220; animation_direction=&#8220;left&#8220; animation_intensity_flip=&#8220;20%&#8220; animation_starting_opacity=&#8220;100%&#8220;]<\/p>\n<p>Peter F. Drucker<\/p>\n<p>[\/et_pb_text][\/et_pb_column][\/et_pb_row][et_pb_row column_structure=&#8220;1_3,2_3&#8243; admin_label=&#8220;Market Information Title Area&#8220; _builder_version=&#8220;3.25&#8243; custom_padding=&#8220;17px|0px|14px|0px||&#8220;][et_pb_column type=&#8220;1_3&#8243; _builder_version=&#8220;3.25&#8243; custom_padding=&#8220;|||&#8220; custom_padding__hover=&#8220;|||&#8220;][et_pb_image src=&#8220;https:\/\/leben-daneben.de\/wp-content\/uploads\/2020\/06\/Corina-Lass_Mimik_0134.png&#8220; _builder_version=&#8220;4.3.2&#8243;][\/et_pb_image][et_pb_image src=&#8220;https:\/\/leben-daneben.de\/wp-content\/uploads\/2020\/06\/Corina-Lass_Mimik_0136.png&#8220; _builder_version=&#8220;4.3.2&#8243;][\/et_pb_image][\/et_pb_column][et_pb_column type=&#8220;2_3&#8243; _builder_version=&#8220;3.25&#8243; custom_padding=&#8220;|||&#8220; custom_padding__hover=&#8220;|||&#8220;][et_pb_text _builder_version=&#8220;4.3.2&#8243; text_font=&#8220;||||||||&#8220; text_font_size=&#8220;16px&#8220; header_font=&#8220;||||||||&#8220; animation_style=&#8220;flip&#8220; animation_direction=&#8220;left&#8220; animation_duration=&#8220;0ms&#8220; animation_intensity_flip=&#8220;20%&#8220; animation_starting_opacity=&#8220;100%&#8220;]<\/p>\n<p><strong>Basic &amp; Professional<\/strong><\/p>\n<p>Meine Mimikresonanz<span>\u00ae<\/span>-Trainings umfassen eine Basic- und eine Professional-Schulung von insgesamt vier Tagen Dauer. Sie finden in zwei Bl\u00f6cken zu je zwei Tagen statt. In den dazwischen liegenden Wochen festigst du dein Wissen im Online-Training.<\/p>\n<p>Am Ende der Professional-Ausbildung und nach bestandener Pr\u00fcfung \u2013 einer praktischen im Erkennen von Mikroexpressionen und einer theoretischen in Form von Multiple-Choice-Fragen \u2013 erh\u00e4ltst du das Mimikresonanz<span>\u00ae Professional<\/span>-Zertifikat.<\/p>\n<p>Zielgruppe sind F\u00fchrungskr\u00e4fte, Manager und erfahrene Mitarbeiter aller Branchen, in denen eine gelingende Kommunikation von Angesicht zu Angesicht wichtig ist, zum Beispiel in Verkauf, Verhandlungen, Service und Psychotherapie, im Gesundheitswesen, in Schul- und Sicherheitsdiensten. Willkommen ist zudem jeder, der seine F\u00e4higkeiten in einer emphatischen Kommunikation verbessern m\u00f6chte.<\/p>\n<p>Lerne die K\u00f6rpersprache \u2013 ausgerichtet an mehr als 1.200 Studien und basierend auf 130 nonverbalen Signalen \u2013 pr\u00e4zise wahrzunehmen, korrekt zu interpretieren und wertsch\u00e4tzend damit umzugehen.\u00a0<span style=\"font-size: 16px;\">Basic und Professional sind auch getrennt voneinander buchbar.<\/span><\/p>\n<p>[\/et_pb_text][et_pb_button button_url=&#8220;@ET-DC@eyJkeW5hbWljIjp0cnVlLCJjb250ZW50IjoicG9zdF9saW5rX3VybF9wYWdlIiwic2V0dGluZ3MiOnsicG9zdF9pZCI6IjQ4OSJ9fQ==@&#8220; button_text=&#8220;Beide Trainings en bloc buchen&#8220; _builder_version=&#8220;4.3.2&#8243; _dynamic_attributes=&#8220;button_url&#8220; custom_button=&#8220;on&#8220; button_text_color=&#8220;#960019&#8243;][\/et_pb_button][\/et_pb_column][\/et_pb_row][et_pb_row column_structure=&#8220;1_3,2_3&#8243; admin_label=&#8220;Market Information Title Area&#8220; _builder_version=&#8220;3.25&#8243; custom_padding=&#8220;17px|0px|14px|0px||&#8220;][et_pb_column type=&#8220;1_3&#8243; _builder_version=&#8220;3.25&#8243; custom_padding=&#8220;|||&#8220; custom_padding__hover=&#8220;|||&#8220;][et_pb_image src=&#8220;https:\/\/leben-daneben.de\/wp-content\/uploads\/2020\/06\/Corina-Lass_Mimik_0176.png&#8220; _builder_version=&#8220;4.3.2&#8243;][\/et_pb_image][\/et_pb_column][et_pb_column type=&#8220;2_3&#8243; _builder_version=&#8220;3.25&#8243; custom_padding=&#8220;|||&#8220; custom_padding__hover=&#8220;|||&#8220;][et_pb_text _builder_version=&#8220;4.3.2&#8243; text_font=&#8220;||||||||&#8220; text_font_size=&#8220;16px&#8220; header_font=&#8220;||||||||&#8220; animation_style=&#8220;flip&#8220; animation_direction=&#8220;left&#8220; animation_duration=&#8220;0ms&#8220; animation_intensity_flip=&#8220;20%&#8220; animation_starting_opacity=&#8220;100%&#8220;]<\/p>\n<p><strong>Dein Lernziel<\/strong><\/p>\n<p>Du verbesserst deine Emotionserkennungsf\u00e4higkeit deutlich. In Millisekunden wirst du erkennen k\u00f6nnen, welche Themen bei deinem Gespr\u00e4chspartner emotional aufgeladen sind, wie du den Ausl\u00f6sern f\u00fcr diese Gef\u00fchle auf die Spur kommst und mit ihnen so umgehst, dass ihr schneller zum gemeinsamen Ziel kommt.<\/p>\n<p>Zugleich sch\u00e4rfst du deinen Blick f\u00fcr die emotionale Wirkung, die du bei deinen Mitmenschen erzeugst, f\u00fcr die Beziehungsdynamiken zwischen Gespr\u00e4chspartnern und in Gruppen. Au\u00dferdem erkennst du Situationen, in denen du gegensteuern solltest. Auch die Stimme und eine Reihe k\u00f6rpersprachlicher Signale wirst du zu deuten wissen.<\/p>\n<p>[\/et_pb_text][\/et_pb_column][\/et_pb_row][et_pb_row column_structure=&#8220;1_3,2_3&#8243; admin_label=&#8220;Market Information Title Area&#8220; _builder_version=&#8220;3.25&#8243; custom_padding=&#8220;17px|0px|14px|0px||&#8220;][et_pb_column type=&#8220;1_3&#8243; _builder_version=&#8220;3.25&#8243; custom_padding=&#8220;|||&#8220; custom_padding__hover=&#8220;|||&#8220;][et_pb_image src=&#8220;https:\/\/leben-daneben.de\/wp-content\/uploads\/2020\/06\/Corina-Lass_Mimik_0183.png&#8220; _builder_version=&#8220;4.3.2&#8243;][\/et_pb_image][\/et_pb_column][et_pb_column type=&#8220;2_3&#8243; _builder_version=&#8220;3.25&#8243; custom_padding=&#8220;|||&#8220; custom_padding__hover=&#8220;|||&#8220;][et_pb_text _builder_version=&#8220;4.3.2&#8243; text_font=&#8220;||||||||&#8220; text_font_size=&#8220;16px&#8220; header_font=&#8220;||||||||&#8220; animation_style=&#8220;flip&#8220; animation_direction=&#8220;left&#8220; animation_duration=&#8220;0ms&#8220; animation_intensity_flip=&#8220;20%&#8220; animation_starting_opacity=&#8220;100%&#8220;]<\/p>\n<p><strong>Deine Trainingsinhalte<\/strong><\/p>\n<p><span style=\"font-size: 16px;\">Aktueller Stand der Mimikforschung<br \/><\/span><span style=\"font-size: 16px;\">Prim\u00e4remotionen und was sie uns verraten<br \/><\/span>Subtile Expressionen und mimische Einwandsignale<br \/> Gespr\u00e4chsf\u00fchrung und Resonanztechnik<br \/>Die Motivfelder der Pers\u00f6nlichkeit<br \/>Die Stimme als Emotionsindikator, die Gestik als Fenster zur Gedankenwelt<br \/>Exkurs: T\u00e4uschungen erkennen<br \/>Pre- und Post-Test, Videoanalysen, \u00dcbungen, zwei unbefristete Online-Trainings<\/p>\n<p>[\/et_pb_text][\/et_pb_column][\/et_pb_row][et_pb_row column_structure=&#8220;1_3,2_3&#8243; admin_label=&#8220;Market Information Title Area&#8220; _builder_version=&#8220;3.25&#8243; custom_padding=&#8220;18px|0px|14px|0px||&#8220;][et_pb_column type=&#8220;1_3&#8243; _builder_version=&#8220;3.25&#8243; custom_padding=&#8220;|||&#8220; custom_padding__hover=&#8220;|||&#8220;][et_pb_image src=&#8220;https:\/\/leben-daneben.de\/wp-content\/uploads\/2020\/06\/Corina-Lass_Mimik_0152.png&#8220; _builder_version=&#8220;4.3.2&#8243;][\/et_pb_image][\/et_pb_column][et_pb_column type=&#8220;2_3&#8243; _builder_version=&#8220;3.25&#8243; custom_padding=&#8220;|||&#8220; custom_padding__hover=&#8220;|||&#8220;][et_pb_text _builder_version=&#8220;4.3.2&#8243; text_font=&#8220;||||||||&#8220; text_font_size=&#8220;16px&#8220; header_font=&#8220;||||||||&#8220; min_height=&#8220;485px&#8220; custom_padding=&#8220;0px|||||&#8220; animation_style=&#8220;flip&#8220; animation_direction=&#8220;left&#8220; animation_duration=&#8220;0ms&#8220; animation_intensity_flip=&#8220;20%&#8220; animation_starting_opacity=&#8220;100%&#8220;]<\/p>\n<p><strong>Meine Methoden<\/strong><\/p>\n<p>Impulsvortr\u00e4ge, Videobeispiele, Videoanalysen in Gruppenarbeit, praktische \u00dcbungen, umfangreiche schriftliche Materialien und ein unbefristetes Online-Training.<\/p>\n<p><strong style=\"font-size: 16px;\"><br \/>Deine Investition<\/strong><br \/><strong><\/strong><\/p>\n<p>980,00 \u20ac (ohne Mehrwertsteuer)<\/p>\n<p><strong><\/strong><\/p>\n<p><strong><\/strong><\/p>\n<p><strong>Deine Termine<\/strong><\/p>\n<p>Modul 1 (Basic): 1<span>5. bis 17. Januar 2025 (drei Termine, Donnerstag bis Samstag), jeweils von 10 bis ca. 14 Uhr. Die Teilnehmerzahl ist auf zw\u00f6lf begrenzt. Das Seminar findet im digitalen Lernraum statt<\/span>.<\/p>\n<p><span style=\"font-size: 16px;\">Modul 2 (Professional): 2<span>. bis 4. Oktober 2025 (drei Termine, Donnerstag bis Samstag), jeweils von 10 bis ca. 14 Uhr. Die Teilnehmerzahl ist auf zw\u00f6lf begrenzt. Das Seminar findet im digitalen Lernraum statt.<\/span>\u00a0<\/span><br \/><strong><\/strong><\/p>\n<p>&nbsp;<\/p>\n<p>&nbsp;<\/p>\n<p>&nbsp;<\/p>\n<p>[\/et_pb_text][\/et_pb_column][\/et_pb_row][\/et_pb_section]<\/p>\n","protected":false},"excerpt":{"rendered":"<p>[et_pb_section fb_built=&#8220;1&#8243; fullwidth=&#8220;on&#8220; _builder_version=&#8220;4.3.2&#8243; background_image=&#8220;https:\/\/leben-daneben.de\/wp-content\/uploads\/2020\/02\/Corina-Lass_Portrait-2.png&#8220; animation_style=&#8220;slide&#8220; animation_direction=&#8220;top&#8220; animation_duration=&#8220;0ms&#8220; animation_intensity_slide=&#8220;2%&#8220; animation_starting_opacity=&#8220;100%&#8220;][et_pb_fullwidth_header title=&#8220;Leben daneben&#8220; button_one_text=&#8220;Mein Ansatz&#8220; button_one_url=&#8220;@ET-DC@eyJkeW5hbWljIjp0cnVlLCJjb250ZW50IjoicG9zdF9saW5rX3VybF9wYWdlIiwic2V0dGluZ3MiOnsicG9zdF9pZCI6IjU3In19@&#8220; content_max_width=&#8220;700px&#8220; _builder_version=&#8220;4.3.2&#8243; _dynamic_attributes=&#8220;button_one_url&#8220; title_font=&#8220;Lato||||||||&#8220; title_font_size=&#8220;60px&#8220; title_line_height=&#8220;1.2em&#8220; content_font=&#8220;||||||||&#8220; content_font_size=&#8220;20px&#8220; content_line_height=&#8220;1.8em&#8220; background_color=&#8220;rgba(255, 255, 255, 0)&#8220; use_background_color_gradient=&#8220;on&#8220; background_color_gradient_start=&#8220;rgba(2,104,237,0.35)&#8220; background_color_gradient_end=&#8220;rgba(0,0,0,0)&#8220; background_color_gradient_direction=&#8220;90deg&#8220; background_color_gradient_overlays_image=&#8220;on&#8220; background_enable_image=&#8220;off&#8220; background_position=&#8220;center_right&#8220; custom_button_two=&#8220;on&#8220; button_two_text_size=&#8220;22px&#8220; button_two_text_color=&#8220;#353740&#8243; button_two_bg_color=&#8220;rgba(224,207,177,0.91)&#8220; button_two_border_width=&#8220;0px&#8220; button_two_border_color=&#8220;#ffffff&#8220; button_two_border_radius=&#8220;0px&#8220; button_two_letter_spacing=&#8220;1px&#8220; button_two_font=&#8220;Lato||||||||&#8220; button_two_use_icon=&#8220;off&#8220; custom_margin=&#8220;|||&#8220; custom_padding=&#8220;16.4%||12%|||&#8220; button_one_letter_spacing_hover=&#8220;1px&#8220; button_two_letter_spacing_hover=&#8220;1px&#8220; global_module=&#8220;171&#8243; saved_tabs=&#8220;all&#8220; button_one_text_size__hover_enabled=&#8220;off&#8220; button_two_text_size__hover_enabled=&#8220;off&#8220; button_one_text_color__hover_enabled=&#8220;off&#8220; button_two_text_color__hover_enabled=&#8220;off&#8220; [&hellip;]<\/p>\n","protected":false},"author":1,"featured_media":0,"parent":0,"menu_order":0,"comment_status":"closed","ping_status":"closed","template":"","meta":{"_et_pb_use_builder":"on","_et_pb_old_content":"","_et_gb_content_width":"","footnotes":""},"class_list":["post-44","page","type-page","status-publish","hentry"],"_links":{"self":[{"href":"https:\/\/leben-daneben.de\/index.php?rest_route=\/wp\/v2\/pages\/44","targetHints":{"allow":["GET"]}}],"collection":[{"href":"https:\/\/leben-daneben.de\/index.php?rest_route=\/wp\/v2\/pages"}],"about":[{"href":"https:\/\/leben-daneben.de\/index.php?rest_route=\/wp\/v2\/types\/page"}],"author":[{"embeddable":true,"href":"https:\/\/leben-daneben.de\/index.php?rest_route=\/wp\/v2\/users\/1"}],"replies":[{"embeddable":true,"href":"https:\/\/leben-daneben.de\/index.php?rest_route=%2Fwp%2Fv2%2Fcomments&post=44"}],"version-history":[{"count":109,"href":"https:\/\/leben-daneben.de\/index.php?rest_route=\/wp\/v2\/pages\/44\/revisions"}],"predecessor-version":[{"id":1485,"href":"https:\/\/leben-daneben.de\/index.php?rest_route=\/wp\/v2\/pages\/44\/revisions\/1485"}],"wp:attachment":[{"href":"https:\/\/leben-daneben.de\/index.php?rest_route=%2Fwp%2Fv2%2Fmedia&parent=44"}],"curies":[{"name":"wp","href":"https:\/\/api.w.org\/{rel}","templated":true}]}}