{"id":249,"date":"2020-02-11T14:31:37","date_gmt":"2020-02-11T14:31:37","guid":{"rendered":"https:\/\/leben-daneben.de\/?page_id=249"},"modified":"2025-02-26T12:28:55","modified_gmt":"2025-02-26T12:28:55","slug":"professional","status":"publish","type":"page","link":"https:\/\/leben-daneben.de\/?page_id=249","title":{"rendered":"Professional"},"content":{"rendered":"<p>[et_pb_section fb_built=&#8220;1&#8243; fullwidth=&#8220;on&#8220; _builder_version=&#8220;4.3.2&#8243; background_image=&#8220;https:\/\/leben-daneben.de\/wp-content\/uploads\/2020\/02\/Corina-Lass_Portrait-2.png&#8220; filter_brightness=&#8220;110%&#8220; animation_direction=&#8220;top&#8220;][et_pb_fullwidth_header title=&#8220;Leben daneben&#8220; button_one_text=&#8220;Mein Ansatz&#8220; button_one_url=&#8220;@ET-DC@eyJkeW5hbWljIjp0cnVlLCJjb250ZW50IjoicG9zdF9saW5rX3VybF9wYWdlIiwic2V0dGluZ3MiOnsicG9zdF9pZCI6IjU3In19@&#8220; content_max_width=&#8220;700px&#8220; _builder_version=&#8220;4.3.2&#8243; _dynamic_attributes=&#8220;button_one_url&#8220; title_font=&#8220;Lato||||||||&#8220; title_font_size=&#8220;60px&#8220; title_line_height=&#8220;1.2em&#8220; content_font=&#8220;||||||||&#8220; content_font_size=&#8220;20px&#8220; content_line_height=&#8220;1.8em&#8220; background_color=&#8220;rgba(255, 255, 255, 0)&#8220; use_background_color_gradient=&#8220;on&#8220; background_color_gradient_start=&#8220;rgba(2,104,237,0.35)&#8220; background_color_gradient_end=&#8220;rgba(0,0,0,0)&#8220; background_color_gradient_direction=&#8220;90deg&#8220; background_color_gradient_overlays_image=&#8220;on&#8220; background_enable_image=&#8220;off&#8220; background_position=&#8220;center_right&#8220; custom_button_two=&#8220;on&#8220; button_two_text_size=&#8220;22px&#8220; button_two_text_color=&#8220;#353740&#8243; button_two_bg_color=&#8220;rgba(224,207,177,0.91)&#8220; button_two_border_width=&#8220;0px&#8220; button_two_border_color=&#8220;#ffffff&#8220; button_two_border_radius=&#8220;0px&#8220; button_two_letter_spacing=&#8220;1px&#8220; button_two_font=&#8220;Lato||||||||&#8220; button_two_use_icon=&#8220;off&#8220; custom_margin=&#8220;|||&#8220; custom_padding=&#8220;16.4%||12%|||&#8220; button_one_letter_spacing_hover=&#8220;1px&#8220; button_two_letter_spacing_hover=&#8220;1px&#8220; global_module=&#8220;171&#8243; saved_tabs=&#8220;all&#8220; button_one_text_size__hover_enabled=&#8220;off&#8220; button_two_text_size__hover_enabled=&#8220;off&#8220; button_one_text_color__hover_enabled=&#8220;off&#8220; button_two_text_color__hover_enabled=&#8220;off&#8220; button_one_border_width__hover_enabled=&#8220;off&#8220; button_two_border_width__hover_enabled=&#8220;off&#8220; button_one_border_color__hover_enabled=&#8220;off&#8220; button_two_border_color__hover_enabled=&#8220;off&#8220; button_one_border_radius__hover_enabled=&#8220;off&#8220; button_two_border_radius__hover_enabled=&#8220;off&#8220; button_one_letter_spacing__hover_enabled=&#8220;on&#8220; button_one_letter_spacing__hover=&#8220;1px&#8220; button_two_letter_spacing__hover_enabled=&#8220;on&#8220; button_two_letter_spacing__hover=&#8220;1px&#8220; button_one_bg_color__hover_enabled=&#8220;off&#8220; button_two_bg_color__hover_enabled=&#8220;off&#8220;]<\/p>\n<p>Training | Coaching | Denkr\u00e4ume<\/p>\n<p>[\/et_pb_fullwidth_header][\/et_pb_section][et_pb_section fb_built=&#8220;1&#8243; admin_label=&#8220;Market Information Section&#8220; _builder_version=&#8220;4.3.2&#8243; background_color=&#8220;rgba(0,81,122,0.16)&#8220; custom_padding=&#8220;15px||4px|||&#8220;][et_pb_row column_structure=&#8220;1_3,2_3&#8243; admin_label=&#8220;Market Information Title Area&#8220; _builder_version=&#8220;3.25&#8243; custom_padding=&#8220;40px|0px|14px|0px||&#8220;][et_pb_column type=&#8220;1_3&#8243; _builder_version=&#8220;3.25&#8243; custom_padding=&#8220;|||&#8220; custom_padding__hover=&#8220;|||&#8220;][et_pb_text admin_label=&#8220;Title&#8220; _builder_version=&#8220;4.3.2&#8243; text_font=&#8220;||||||||&#8220; header_font=&#8220;||||||||&#8220; header_2_font=&#8220;Lato||||||||&#8220; header_2_font_size=&#8220;36px&#8220; header_2_line_height=&#8220;1.5em&#8220; custom_padding=&#8220;|||&#8220; animation_direction=&#8220;left&#8220;]<\/p>\n<h2>Mimikresonanz<span>\u00ae<\/span> Professional<\/h2>\n<p>[\/et_pb_text][et_pb_image src=&#8220;https:\/\/leben-daneben.de\/wp-content\/uploads\/2020\/06\/Corina-Lass_Mimik_0050.png&#8220; _builder_version=&#8220;4.3.2&#8243;][\/et_pb_image][et_pb_image src=&#8220;https:\/\/leben-daneben.de\/wp-content\/uploads\/2020\/06\/Corina-Lass_Mimik_0114.png&#8220; _builder_version=&#8220;4.3.2&#8243;][\/et_pb_image][et_pb_image src=&#8220;https:\/\/leben-daneben.de\/wp-content\/uploads\/2020\/06\/Corina-Lass_Mimik_0085.png&#8220; _builder_version=&#8220;4.3.2&#8243;][\/et_pb_image][et_pb_image src=&#8220;https:\/\/leben-daneben.de\/wp-content\/uploads\/2020\/06\/Corina-Lass_Mimik_0062.png&#8220; _builder_version=&#8220;4.3.2&#8243;][\/et_pb_image][\/et_pb_column][et_pb_column type=&#8220;2_3&#8243; _builder_version=&#8220;3.25&#8243; custom_padding=&#8220;|||&#8220; custom_padding__hover=&#8220;|||&#8220;][et_pb_text _builder_version=&#8220;4.3.2&#8243; text_font=&#8220;||||||||&#8220; text_font_size=&#8220;16px&#8220; text_line_height=&#8220;1.8em&#8220; header_font=&#8220;||||||||&#8220; custom_padding=&#8220;5px||0px|||&#8220; animation_direction=&#8220;left&#8220;]<\/p>\n<p>Das Mimikresonanz<span>\u00ae<\/span> Professional-Training dauert zwei Tage. Voraussetzung ist die Teilnahme am Basic-Seminar. Am Ende erh\u00e4ltst du eine Teilnahmebescheinigung und nach erfolgreicher Pr\u00fcfung &#8211; einer praktischen in der Emotionserkennung und einer theoretischen in Form von Multiple-Choice-Fragen &#8211; das Zertifikat Mimikresonanz<span>\u00ae Professional.<\/span><\/p>\n<p><strong style=\"font-size: 16px;\"><\/strong><\/p>\n<p><strong style=\"font-size: 16px;\">Dein Lernziel<\/strong><\/p>\n<p>Im Seminar erarbeitest du dir die subtilen emotionalen Ausdr\u00fccke und die Mischexpressionen, die &#8211; wie alle Emotionen &#8211; als Mikroexpressionen f\u00fcr die Dauer von weniger als eine halbe Sekunde in unserer Mimik zu sehen sein k\u00f6nnen. Du wirst die sieben Einwandsignale kennenlernen, die dir in Verhandlungen wichtige Hinweise darauf geben, wie dein Gegen\u00fcber zu dem steht, was du sagst. Und wir werden einen Exkurs zum Thema &#8222;T\u00e4uschungen erkennen&#8220; machen.\u00a0<\/p>\n<p><strong><\/strong><\/p>\n<p><strong>Deine Trainingsinhalte<\/strong><\/p>\n<p><span style=\"font-size: 16px;\">Vertiefung: Prim\u00e4remotionen, ihre Trigger und Funktionen<br \/>Subtile Emotionen<br \/>Die sieben Einwandsignale<br \/><\/span>Fortgeschrittene Resonanzans\u00e4tze<br \/> Emotionen in der Stimme<br \/>Die Gestik als Fenster zur Gedankenwelt<br \/>Leakage Hierarchy<br \/>Exkurs: T\u00e4uschungen erkennen<br \/>Videoanalysen und \u00dcbungen, unbefristetes Online-Training f\u00fcr Professionals<\/p>\n<p><strong><\/strong><\/p>\n<p><strong>Meine Methoden<\/strong><\/p>\n<p><span style=\"font-size: 16px;\">Impulsvortr\u00e4ge, Videobeispiele, Videoanalysen in Gruppenarbeit, praktische \u00dcbungen, umfangreiche schriftliche Materialien und ein unbefristetes Online-Training.<br \/> <\/span><\/p>\n<p><strong><\/strong><\/p>\n<p><strong>Deine Investition<\/strong><\/p>\n<p>555,00 \u20ac (ohne Mehrwertsteuer)<\/p>\n<p><strong><\/strong><\/p>\n<p><strong>Deine Termine<\/strong><\/p>\n<p>2. bis 4. Oktober (drei Termine, Donnerstag bis Samstag), jeweils von 10 bis 14 Uhr. Die Teilnehmerzahl ist auf zw\u00f6lf begrenzt. Das Seminar findet im digitalen Lernraum statt.<\/p>\n<p>[\/et_pb_text][et_pb_button button_url=&#8220;@ET-DC@eyJkeW5hbWljIjp0cnVlLCJjb250ZW50IjoicG9zdF9saW5rX3VybF9wYWdlIiwic2V0dGluZ3MiOnsicG9zdF9pZCI6IjQyMyJ9fQ==@&#8220; button_text=&#8220;Professional-Training buchen&#8220; _builder_version=&#8220;4.3.2&#8243; _dynamic_attributes=&#8220;button_url&#8220; custom_button=&#8220;on&#8220; button_text_color=&#8220;#8c0f3f&#8220; custom_margin=&#8220;46px|||||&#8220;][\/et_pb_button][\/et_pb_column][\/et_pb_row][\/et_pb_section]<\/p>\n","protected":false},"excerpt":{"rendered":"<p>[et_pb_section fb_built=&#8220;1&#8243; fullwidth=&#8220;on&#8220; _builder_version=&#8220;4.3.2&#8243; background_image=&#8220;https:\/\/leben-daneben.de\/wp-content\/uploads\/2020\/02\/Corina-Lass_Portrait-2.png&#8220; filter_brightness=&#8220;110%&#8220; animation_direction=&#8220;top&#8220;][et_pb_fullwidth_header title=&#8220;Leben daneben&#8220; button_one_text=&#8220;Mein Ansatz&#8220; button_one_url=&#8220;@ET-DC@eyJkeW5hbWljIjp0cnVlLCJjb250ZW50IjoicG9zdF9saW5rX3VybF9wYWdlIiwic2V0dGluZ3MiOnsicG9zdF9pZCI6IjU3In19@&#8220; content_max_width=&#8220;700px&#8220; _builder_version=&#8220;4.3.2&#8243; _dynamic_attributes=&#8220;button_one_url&#8220; title_font=&#8220;Lato||||||||&#8220; title_font_size=&#8220;60px&#8220; title_line_height=&#8220;1.2em&#8220; content_font=&#8220;||||||||&#8220; content_font_size=&#8220;20px&#8220; content_line_height=&#8220;1.8em&#8220; background_color=&#8220;rgba(255, 255, 255, 0)&#8220; use_background_color_gradient=&#8220;on&#8220; background_color_gradient_start=&#8220;rgba(2,104,237,0.35)&#8220; background_color_gradient_end=&#8220;rgba(0,0,0,0)&#8220; background_color_gradient_direction=&#8220;90deg&#8220; background_color_gradient_overlays_image=&#8220;on&#8220; background_enable_image=&#8220;off&#8220; background_position=&#8220;center_right&#8220; custom_button_two=&#8220;on&#8220; button_two_text_size=&#8220;22px&#8220; button_two_text_color=&#8220;#353740&#8243; button_two_bg_color=&#8220;rgba(224,207,177,0.91)&#8220; button_two_border_width=&#8220;0px&#8220; button_two_border_color=&#8220;#ffffff&#8220; button_two_border_radius=&#8220;0px&#8220; button_two_letter_spacing=&#8220;1px&#8220; button_two_font=&#8220;Lato||||||||&#8220; button_two_use_icon=&#8220;off&#8220; custom_margin=&#8220;|||&#8220; custom_padding=&#8220;16.4%||12%|||&#8220; button_one_letter_spacing_hover=&#8220;1px&#8220; button_two_letter_spacing_hover=&#8220;1px&#8220; global_module=&#8220;171&#8243; saved_tabs=&#8220;all&#8220; button_one_text_size__hover_enabled=&#8220;off&#8220; button_two_text_size__hover_enabled=&#8220;off&#8220; button_one_text_color__hover_enabled=&#8220;off&#8220; button_two_text_color__hover_enabled=&#8220;off&#8220; button_one_border_width__hover_enabled=&#8220;off&#8220; button_two_border_width__hover_enabled=&#8220;off&#8220; button_one_border_color__hover_enabled=&#8220;off&#8220; [&hellip;]<\/p>\n","protected":false},"author":1,"featured_media":0,"parent":0,"menu_order":0,"comment_status":"closed","ping_status":"closed","template":"","meta":{"_et_pb_use_builder":"on","_et_pb_old_content":"","_et_gb_content_width":"","footnotes":""},"class_list":["post-249","page","type-page","status-publish","hentry"],"_links":{"self":[{"href":"https:\/\/leben-daneben.de\/index.php?rest_route=\/wp\/v2\/pages\/249","targetHints":{"allow":["GET"]}}],"collection":[{"href":"https:\/\/leben-daneben.de\/index.php?rest_route=\/wp\/v2\/pages"}],"about":[{"href":"https:\/\/leben-daneben.de\/index.php?rest_route=\/wp\/v2\/types\/page"}],"author":[{"embeddable":true,"href":"https:\/\/leben-daneben.de\/index.php?rest_route=\/wp\/v2\/users\/1"}],"replies":[{"embeddable":true,"href":"https:\/\/leben-daneben.de\/index.php?rest_route=%2Fwp%2Fv2%2Fcomments&post=249"}],"version-history":[{"count":47,"href":"https:\/\/leben-daneben.de\/index.php?rest_route=\/wp\/v2\/pages\/249\/revisions"}],"predecessor-version":[{"id":1487,"href":"https:\/\/leben-daneben.de\/index.php?rest_route=\/wp\/v2\/pages\/249\/revisions\/1487"}],"wp:attachment":[{"href":"https:\/\/leben-daneben.de\/index.php?rest_route=%2Fwp%2Fv2%2Fmedia&parent=249"}],"curies":[{"name":"wp","href":"https:\/\/api.w.org\/{rel}","templated":true}]}}