{"id":237,"date":"2020-02-11T14:24:33","date_gmt":"2020-02-11T14:24:33","guid":{"rendered":"https:\/\/leben-daneben.de\/?page_id=237"},"modified":"2025-02-26T12:27:09","modified_gmt":"2025-02-26T12:27:09","slug":"basic","status":"publish","type":"page","link":"https:\/\/leben-daneben.de\/?page_id=237","title":{"rendered":"Basic"},"content":{"rendered":"<p>[et_pb_section fb_built=&#8220;1&#8243; fullwidth=&#8220;on&#8220; _builder_version=&#8220;4.3.2&#8243; background_image=&#8220;https:\/\/leben-daneben.de\/wp-content\/uploads\/2020\/02\/Corina-Lass_Portrait-2.png&#8220; animation_style=&#8220;slide&#8220; animation_direction=&#8220;top&#8220; animation_duration=&#8220;0ms&#8220; animation_intensity_slide=&#8220;2%&#8220; animation_starting_opacity=&#8220;100%&#8220;][et_pb_fullwidth_header title=&#8220;Leben daneben&#8220; button_one_text=&#8220;Mein Ansatz&#8220; button_one_url=&#8220;@ET-DC@eyJkeW5hbWljIjp0cnVlLCJjb250ZW50IjoicG9zdF9saW5rX3VybF9wYWdlIiwic2V0dGluZ3MiOnsicG9zdF9pZCI6IjU3In19@&#8220; content_max_width=&#8220;700px&#8220; _builder_version=&#8220;4.3.2&#8243; _dynamic_attributes=&#8220;button_one_url&#8220; title_font=&#8220;Lato||||||||&#8220; title_font_size=&#8220;60px&#8220; title_line_height=&#8220;1.2em&#8220; content_font=&#8220;||||||||&#8220; content_font_size=&#8220;20px&#8220; content_line_height=&#8220;1.8em&#8220; background_color=&#8220;rgba(255, 255, 255, 0)&#8220; use_background_color_gradient=&#8220;on&#8220; background_color_gradient_start=&#8220;rgba(2,104,237,0.35)&#8220; background_color_gradient_end=&#8220;rgba(0,0,0,0)&#8220; background_color_gradient_direction=&#8220;90deg&#8220; background_color_gradient_overlays_image=&#8220;on&#8220; background_enable_image=&#8220;off&#8220; background_position=&#8220;center_right&#8220; custom_button_two=&#8220;on&#8220; button_two_text_size=&#8220;22px&#8220; button_two_text_color=&#8220;#353740&#8243; button_two_bg_color=&#8220;rgba(224,207,177,0.91)&#8220; button_two_border_width=&#8220;0px&#8220; button_two_border_color=&#8220;#ffffff&#8220; button_two_border_radius=&#8220;0px&#8220; button_two_letter_spacing=&#8220;1px&#8220; button_two_font=&#8220;Lato||||||||&#8220; button_two_use_icon=&#8220;off&#8220; custom_margin=&#8220;|||&#8220; custom_padding=&#8220;16.4%||12%|||&#8220; button_one_letter_spacing_hover=&#8220;1px&#8220; button_two_letter_spacing_hover=&#8220;1px&#8220; global_module=&#8220;171&#8243; saved_tabs=&#8220;all&#8220; button_one_text_size__hover_enabled=&#8220;off&#8220; button_two_text_size__hover_enabled=&#8220;off&#8220; button_one_text_color__hover_enabled=&#8220;off&#8220; button_two_text_color__hover_enabled=&#8220;off&#8220; button_one_border_width__hover_enabled=&#8220;off&#8220; button_two_border_width__hover_enabled=&#8220;off&#8220; button_one_border_color__hover_enabled=&#8220;off&#8220; button_two_border_color__hover_enabled=&#8220;off&#8220; button_one_border_radius__hover_enabled=&#8220;off&#8220; button_two_border_radius__hover_enabled=&#8220;off&#8220; button_one_letter_spacing__hover_enabled=&#8220;on&#8220; button_one_letter_spacing__hover=&#8220;1px&#8220; button_two_letter_spacing__hover_enabled=&#8220;on&#8220; button_two_letter_spacing__hover=&#8220;1px&#8220; button_one_bg_color__hover_enabled=&#8220;off&#8220; button_two_bg_color__hover_enabled=&#8220;off&#8220;]<\/p>\n<p>Training | Coaching | Denkr\u00e4ume<\/p>\n<p>[\/et_pb_fullwidth_header][\/et_pb_section][et_pb_section fb_built=&#8220;1&#8243; admin_label=&#8220;Market Information Section&#8220; _builder_version=&#8220;4.3.2&#8243; background_color=&#8220;rgba(0,81,122,0.16)&#8220; custom_padding=&#8220;15px||4px|||&#8220;][et_pb_row column_structure=&#8220;1_3,2_3&#8243; admin_label=&#8220;Market Information Title Area&#8220; _builder_version=&#8220;3.25&#8243; custom_padding=&#8220;40px|0px|14px|0px||&#8220;][et_pb_column type=&#8220;1_3&#8243; _builder_version=&#8220;3.25&#8243; custom_padding=&#8220;|||&#8220; custom_padding__hover=&#8220;|||&#8220;][et_pb_text admin_label=&#8220;Title&#8220; _builder_version=&#8220;4.3.2&#8243; text_font=&#8220;||||||||&#8220; header_font=&#8220;||||||||&#8220; header_2_font=&#8220;Lato||||||||&#8220; header_2_font_size=&#8220;36px&#8220; header_2_line_height=&#8220;1.5em&#8220; min_height=&#8220;109px&#8220; custom_padding=&#8220;|||&#8220; animation_direction=&#8220;left&#8220;]<\/p>\n<h2>Mimikresonanz<span>\u00ae<\/span> Basic<\/h2>\n<p>[\/et_pb_text][et_pb_image src=&#8220;https:\/\/leben-daneben.de\/wp-content\/uploads\/2020\/06\/Corina-Lass_Mimik_0094.png&#8220; _builder_version=&#8220;4.3.2&#8243;][\/et_pb_image][et_pb_image src=&#8220;https:\/\/leben-daneben.de\/wp-content\/uploads\/2020\/06\/Corina-Lass_Mimik_0078.png&#8220; _builder_version=&#8220;4.3.2&#8243;][\/et_pb_image][et_pb_image src=&#8220;https:\/\/leben-daneben.de\/wp-content\/uploads\/2020\/06\/Corina-Lass_Mimik_0099.png&#8220; _builder_version=&#8220;4.3.2&#8243;][\/et_pb_image][et_pb_image src=&#8220;https:\/\/leben-daneben.de\/wp-content\/uploads\/2020\/06\/Corina-Lass_Mimik_0117.png&#8220; _builder_version=&#8220;4.3.2&#8243;][\/et_pb_image][\/et_pb_column][et_pb_column type=&#8220;2_3&#8243; _builder_version=&#8220;3.25&#8243; custom_padding=&#8220;|||&#8220; custom_padding__hover=&#8220;|||&#8220;][et_pb_text _builder_version=&#8220;4.3.2&#8243; text_font=&#8220;||||||||&#8220; text_font_size=&#8220;16px&#8220; text_line_height=&#8220;1.8em&#8220; header_font=&#8220;||||||||&#8220; custom_padding=&#8220;6px||0px|||&#8220; animation_style=&#8220;flip&#8220; animation_direction=&#8220;left&#8220; animation_duration=&#8220;0ms&#8220; animation_intensity_flip=&#8220;20%&#8220; animation_starting_opacity=&#8220;100%&#8220;]<\/p>\n<p>Das Mimikresonanz<span>\u00ae<\/span> Basic-Training dauert zwei Tage, im Digital Learning viermal drei Stunden, und kann auch zusammen mit dem Professional-Training gebucht werden. Du erlangst im Seminar die F\u00e4higkeit, grundlegenden Emotionen pr\u00e4zise wahrzunehmen, diese orientiert an der aktuellen Forschung zu interpretieren und wertsch\u00e4tzend damit umzugehen. Am Ende erh\u00e4ltst du das Zertifikat Mimikresonanz<span>\u00ae Basic.<\/span><\/p>\n<p><strong style=\"font-size: 16px;\"><\/strong><\/p>\n<p><strong style=\"font-size: 16px;\">Dein Lernziel<\/strong><\/p>\n<p>Du wirst dir die zw\u00f6lf Prim\u00e4remotionen erarbeiten, die sich &#8211; wie alle Emotionen &#8211; \u00a0als Mikroexpressionen f\u00fcr weniger als eine halbe Sekunde in unserer Mimik zeigen k\u00f6nnen. Zudem erf\u00e4hrst du, wie du auf emotionale Ausdr\u00fccke deines Gegen\u00fcbers angemessen reagierst. Das Training wird dich bef\u00e4higen, je nach Gespr\u00e4chssituation, gew\u00fcnschte von unerw\u00fcnschten emotionalen Ausdr\u00fccken zu unterscheiden sowie Stress- und Schmerzsignale wahrzunehmen. Au\u00dferdem lernst du die Motive hinter den Emotionen kennen. Denn sie sind Motor und Kompass unseres Handelns.<\/p>\n<p><strong style=\"font-size: 16px;\"><\/strong><\/p>\n<p><strong style=\"font-size: 16px;\">Deine Trainingsinhalte<\/strong><\/p>\n<p>Aktueller Stand der Mimikforschung<br \/> Prim\u00e4remotionen, ihre Ausl\u00f6ser und ihre Funktion<br \/> Resonanztechnik und die Haltung dahinter<br \/>Pre- und Posttest<br \/> Wunsch- und Warnsignale<br \/> Stress- und Schmerzsignale<br \/>Die vier Motivfelder der Pers\u00f6nlichkeit<br \/> Einf\u00fchrung in das Online-Training<br \/> Videobeispiele, Videoanalysen und \u00dcbungen<\/p>\n<p><strong style=\"font-size: 16px;\"><\/strong><\/p>\n<p><strong style=\"font-size: 16px;\">Meine Methoden<\/strong><\/p>\n<p>Impulsvortr\u00e4ge, Videobeispiele, Videoanalysen in Gruppenarbeit, praktische \u00dcbungen, umfangreiche schriftliche Materialien und ein unbefristetes Online-Training.<\/p>\n<p><strong style=\"font-size: 16px;\"><\/strong><\/p>\n<p><strong style=\"font-size: 16px;\">Deine<\/strong><span style=\"font-size: 16px;\"> <\/span><strong style=\"font-size: 16px;\">Investition<\/strong><\/p>\n<p>525,00 \u20ac (ohne Mehrwertsteuer)<\/p>\n<p><strong style=\"font-size: 16px;\"><\/strong><\/p>\n<p><strong style=\"font-size: 16px;\">Deine<\/strong><span style=\"font-size: 16px;\"> <\/span><strong style=\"font-size: 16px;\">Termine<\/strong><\/p>\n<p>Vom 15. bis 17. Mai (drei Termine, Donnerstag bis Samstag), jeweils von 10 bis ca. 14 Uhr. Die Teilnehmerzahl ist auf zw\u00f6lf begrenzt. Das Seminar findet im digitalen Lernraum statt.<\/p>\n<p>[\/et_pb_text][et_pb_button button_url=&#8220;@ET-DC@eyJkeW5hbWljIjp0cnVlLCJjb250ZW50IjoicG9zdF9saW5rX3VybF9wYWdlIiwic2V0dGluZ3MiOnsicG9zdF9pZCI6IjQ3NCJ9fQ==@&#8220; button_text=&#8220;Basic-Training buchen&#8220; _builder_version=&#8220;4.3.2&#8243; _dynamic_attributes=&#8220;button_url&#8220; custom_button=&#8220;on&#8220; button_text_color=&#8220;#a01632&#8243; custom_margin=&#8220;37px|||||&#8220; custom_padding=&#8220;||9px|||&#8220;][\/et_pb_button][\/et_pb_column][\/et_pb_row][\/et_pb_section]<\/p>\n","protected":false},"excerpt":{"rendered":"<p>[et_pb_section fb_built=&#8220;1&#8243; fullwidth=&#8220;on&#8220; _builder_version=&#8220;4.3.2&#8243; background_image=&#8220;https:\/\/leben-daneben.de\/wp-content\/uploads\/2020\/02\/Corina-Lass_Portrait-2.png&#8220; animation_style=&#8220;slide&#8220; animation_direction=&#8220;top&#8220; animation_duration=&#8220;0ms&#8220; animation_intensity_slide=&#8220;2%&#8220; animation_starting_opacity=&#8220;100%&#8220;][et_pb_fullwidth_header title=&#8220;Leben daneben&#8220; button_one_text=&#8220;Mein Ansatz&#8220; button_one_url=&#8220;@ET-DC@eyJkeW5hbWljIjp0cnVlLCJjb250ZW50IjoicG9zdF9saW5rX3VybF9wYWdlIiwic2V0dGluZ3MiOnsicG9zdF9pZCI6IjU3In19@&#8220; content_max_width=&#8220;700px&#8220; _builder_version=&#8220;4.3.2&#8243; _dynamic_attributes=&#8220;button_one_url&#8220; title_font=&#8220;Lato||||||||&#8220; title_font_size=&#8220;60px&#8220; title_line_height=&#8220;1.2em&#8220; content_font=&#8220;||||||||&#8220; content_font_size=&#8220;20px&#8220; content_line_height=&#8220;1.8em&#8220; background_color=&#8220;rgba(255, 255, 255, 0)&#8220; use_background_color_gradient=&#8220;on&#8220; background_color_gradient_start=&#8220;rgba(2,104,237,0.35)&#8220; background_color_gradient_end=&#8220;rgba(0,0,0,0)&#8220; background_color_gradient_direction=&#8220;90deg&#8220; background_color_gradient_overlays_image=&#8220;on&#8220; background_enable_image=&#8220;off&#8220; background_position=&#8220;center_right&#8220; custom_button_two=&#8220;on&#8220; button_two_text_size=&#8220;22px&#8220; button_two_text_color=&#8220;#353740&#8243; button_two_bg_color=&#8220;rgba(224,207,177,0.91)&#8220; button_two_border_width=&#8220;0px&#8220; button_two_border_color=&#8220;#ffffff&#8220; button_two_border_radius=&#8220;0px&#8220; button_two_letter_spacing=&#8220;1px&#8220; button_two_font=&#8220;Lato||||||||&#8220; button_two_use_icon=&#8220;off&#8220; custom_margin=&#8220;|||&#8220; custom_padding=&#8220;16.4%||12%|||&#8220; button_one_letter_spacing_hover=&#8220;1px&#8220; button_two_letter_spacing_hover=&#8220;1px&#8220; global_module=&#8220;171&#8243; saved_tabs=&#8220;all&#8220; button_one_text_size__hover_enabled=&#8220;off&#8220; button_two_text_size__hover_enabled=&#8220;off&#8220; button_one_text_color__hover_enabled=&#8220;off&#8220; button_two_text_color__hover_enabled=&#8220;off&#8220; [&hellip;]<\/p>\n","protected":false},"author":1,"featured_media":0,"parent":0,"menu_order":0,"comment_status":"closed","ping_status":"closed","template":"","meta":{"_et_pb_use_builder":"on","_et_pb_old_content":"","_et_gb_content_width":"","footnotes":""},"class_list":["post-237","page","type-page","status-publish","hentry"],"_links":{"self":[{"href":"https:\/\/leben-daneben.de\/index.php?rest_route=\/wp\/v2\/pages\/237","targetHints":{"allow":["GET"]}}],"collection":[{"href":"https:\/\/leben-daneben.de\/index.php?rest_route=\/wp\/v2\/pages"}],"about":[{"href":"https:\/\/leben-daneben.de\/index.php?rest_route=\/wp\/v2\/types\/page"}],"author":[{"embeddable":true,"href":"https:\/\/leben-daneben.de\/index.php?rest_route=\/wp\/v2\/users\/1"}],"replies":[{"embeddable":true,"href":"https:\/\/leben-daneben.de\/index.php?rest_route=%2Fwp%2Fv2%2Fcomments&post=237"}],"version-history":[{"count":56,"href":"https:\/\/leben-daneben.de\/index.php?rest_route=\/wp\/v2\/pages\/237\/revisions"}],"predecessor-version":[{"id":1469,"href":"https:\/\/leben-daneben.de\/index.php?rest_route=\/wp\/v2\/pages\/237\/revisions\/1469"}],"wp:attachment":[{"href":"https:\/\/leben-daneben.de\/index.php?rest_route=%2Fwp%2Fv2%2Fmedia&parent=237"}],"curies":[{"name":"wp","href":"https:\/\/api.w.org\/{rel}","templated":true}]}}