{"id":197,"date":"2020-02-09T15:31:27","date_gmt":"2020-02-09T15:31:27","guid":{"rendered":"http:\/\/leben-daneben.de\/?page_id=197"},"modified":"2020-11-25T23:51:28","modified_gmt":"2020-11-25T23:51:28","slug":"agbs","status":"publish","type":"page","link":"https:\/\/leben-daneben.de\/?page_id=197","title":{"rendered":"AGB"},"content":{"rendered":"<p>[et_pb_section fb_built=&#8220;1&#8243; admin_label=&#8220;Market Information Section&#8220; _builder_version=&#8220;4.3.2&#8243; background_color=&#8220;rgba(0,81,122,0.16)&#8220; custom_padding=&#8220;15px||4px|||&#8220;][et_pb_row column_structure=&#8220;1_3,2_3&#8243; admin_label=&#8220;Market Information Title Area&#8220; _builder_version=&#8220;3.25&#8243; custom_padding=&#8220;40px|0px|14px|0px||&#8220;][et_pb_column type=&#8220;1_3&#8243; _builder_version=&#8220;3.25&#8243; custom_padding=&#8220;|||&#8220; custom_padding__hover=&#8220;|||&#8220;][et_pb_text admin_label=&#8220;Title&#8220; _builder_version=&#8220;4.3.2&#8243; text_font=&#8220;||||||||&#8220; header_font=&#8220;||||||||&#8220; header_font_size=&#8220;18px&#8220; header_2_font=&#8220;Lato||||||||&#8220; header_2_font_size=&#8220;28px&#8220; header_2_line_height=&#8220;1.2em&#8220; custom_padding=&#8220;|||&#8220; animation_direction=&#8220;left&#8220;]<\/p>\n<h2>Allgemeine Gesch\u00e4ftsbedingungen<\/h2>\n<p>[\/et_pb_text][\/et_pb_column][et_pb_column type=&#8220;2_3&#8243; _builder_version=&#8220;3.25&#8243; custom_padding=&#8220;|||&#8220; custom_padding__hover=&#8220;|||&#8220;][et_pb_text _builder_version=&#8220;4.3.2&#8243; text_font=&#8220;||||||||&#8220; text_font_size=&#8220;16px&#8220; header_font=&#8220;||||||||&#8220; animation_direction=&#8220;left&#8220;]<\/p>\n<p>1. Nach Eingang deiner Anmeldung f\u00fcr ein Training erh\u00e4ltst du eine Anmeldebest\u00e4tigung per E-Mail.<\/p>\n<p>2. Dein Trainingsplatz ist fest reserviert, sobald deine Anmeldung vorliegt und du eine Best\u00e4tigung per E-Mail erhalten hast.<\/p>\n<p>3. Bei R\u00fccktritt nach der Anmeldung erhebe ich nach Eingang der schriftlichen R\u00fccktrittserkl\u00e4rung folgende Geb\u00fchren:<br \/> &#8211; bis 30 Tage vor dem ersten Training: \u20ac 25,- zzgl. Bearbeitungsgeb\u00fchr<br \/> &#8211; bis 15 Tage vor Veranstaltungsbeginn: 50 % der Trainingsgeb\u00fchr<br \/> &#8211; danach: die gesamte Geb\u00fchr des Trainings.<br \/> Die Zahlung der halben oder vollen Trainingsgeb\u00fchr entf\u00e4llt, wenn der f\u00fcr dich reservierte Platz \u00fcber meine Warteliste neu besetzt werden kann. In diesem Fall entsteht lediglich eine Bearbeitungsgeb\u00fchr von \u20ac 25,-.<\/p>\n<p>4. Wird der Kursus von meiner Seite aus einem wichtigen Grund abgesagt, zum Beispiel bei weniger als sechs Teilnehmern, Krankheit oder h\u00f6herer Gewalt, so wird der evtl. bereits entrichtete Betrag unverz\u00fcglich zur\u00fcckerstattet. Weitere Forderungen k\u00f6nnen nicht geltend gemacht werden.<\/p>\n<p>&nbsp;<\/p>\n<p>[\/et_pb_text][\/et_pb_column][\/et_pb_row][\/et_pb_section]<\/p>\n","protected":false},"excerpt":{"rendered":"<p>[et_pb_section fb_built=&#8220;1&#8243; admin_label=&#8220;Market Information Section&#8220; _builder_version=&#8220;4.3.2&#8243; background_color=&#8220;rgba(0,81,122,0.16)&#8220; custom_padding=&#8220;15px||4px|||&#8220;][et_pb_row column_structure=&#8220;1_3,2_3&#8243; admin_label=&#8220;Market Information Title Area&#8220; _builder_version=&#8220;3.25&#8243; custom_padding=&#8220;40px|0px|14px|0px||&#8220;][et_pb_column type=&#8220;1_3&#8243; _builder_version=&#8220;3.25&#8243; custom_padding=&#8220;|||&#8220; custom_padding__hover=&#8220;|||&#8220;][et_pb_text admin_label=&#8220;Title&#8220; _builder_version=&#8220;4.3.2&#8243; text_font=&#8220;||||||||&#8220; header_font=&#8220;||||||||&#8220; header_font_size=&#8220;18px&#8220; header_2_font=&#8220;Lato||||||||&#8220; header_2_font_size=&#8220;28px&#8220; header_2_line_height=&#8220;1.2em&#8220; custom_padding=&#8220;|||&#8220; animation_direction=&#8220;left&#8220;] Allgemeine Gesch\u00e4ftsbedingungen [\/et_pb_text][\/et_pb_column][et_pb_column type=&#8220;2_3&#8243; _builder_version=&#8220;3.25&#8243; custom_padding=&#8220;|||&#8220; custom_padding__hover=&#8220;|||&#8220;][et_pb_text _builder_version=&#8220;4.3.2&#8243; text_font=&#8220;||||||||&#8220; text_font_size=&#8220;16px&#8220; header_font=&#8220;||||||||&#8220; animation_direction=&#8220;left&#8220;] 1. Nach Eingang deiner Anmeldung f\u00fcr ein Training erh\u00e4ltst du eine Anmeldebest\u00e4tigung per E-Mail. [&hellip;]<\/p>\n","protected":false},"author":1,"featured_media":0,"parent":0,"menu_order":0,"comment_status":"closed","ping_status":"closed","template":"","meta":{"_et_pb_use_builder":"on","_et_pb_old_content":"","_et_gb_content_width":"","footnotes":""},"class_list":["post-197","page","type-page","status-publish","hentry"],"_links":{"self":[{"href":"https:\/\/leben-daneben.de\/index.php?rest_route=\/wp\/v2\/pages\/197","targetHints":{"allow":["GET"]}}],"collection":[{"href":"https:\/\/leben-daneben.de\/index.php?rest_route=\/wp\/v2\/pages"}],"about":[{"href":"https:\/\/leben-daneben.de\/index.php?rest_route=\/wp\/v2\/types\/page"}],"author":[{"embeddable":true,"href":"https:\/\/leben-daneben.de\/index.php?rest_route=\/wp\/v2\/users\/1"}],"replies":[{"embeddable":true,"href":"https:\/\/leben-daneben.de\/index.php?rest_route=%2Fwp%2Fv2%2Fcomments&post=197"}],"version-history":[{"count":11,"href":"https:\/\/leben-daneben.de\/index.php?rest_route=\/wp\/v2\/pages\/197\/revisions"}],"predecessor-version":[{"id":1055,"href":"https:\/\/leben-daneben.de\/index.php?rest_route=\/wp\/v2\/pages\/197\/revisions\/1055"}],"wp:attachment":[{"href":"https:\/\/leben-daneben.de\/index.php?rest_route=%2Fwp%2Fv2%2Fmedia&parent=197"}],"curies":[{"name":"wp","href":"https:\/\/api.w.org\/{rel}","templated":true}]}}