{"id":193,"date":"2020-02-09T15:30:40","date_gmt":"2020-02-09T15:30:40","guid":{"rendered":"http:\/\/leben-daneben.de\/?page_id=193"},"modified":"2025-02-26T12:43:36","modified_gmt":"2025-02-26T12:43:36","slug":"impressum","status":"publish","type":"page","link":"https:\/\/leben-daneben.de\/?page_id=193","title":{"rendered":"Impressum"},"content":{"rendered":"<p>[et_pb_section fb_built=&#8220;1&#8243; admin_label=&#8220;Market Information Section&#8220; _builder_version=&#8220;4.3.2&#8243; background_color=&#8220;rgba(0,81,122,0.16)&#8220; custom_padding=&#8220;15px||4px|||&#8220;][et_pb_row column_structure=&#8220;1_3,2_3&#8243; admin_label=&#8220;Market Information Title Area&#8220; _builder_version=&#8220;3.25&#8243; custom_padding=&#8220;40px|0px|14px|0px||&#8220;][et_pb_column type=&#8220;1_3&#8243; _builder_version=&#8220;3.25&#8243; custom_padding=&#8220;|||&#8220; custom_padding__hover=&#8220;|||&#8220;][et_pb_text admin_label=&#8220;Title&#8220; _builder_version=&#8220;4.3.2&#8243; text_font=&#8220;||||||||&#8220; header_font=&#8220;||||||||&#8220; header_2_font=&#8220;Lato||||||||&#8220; header_2_font_size=&#8220;34px&#8220; header_2_line_height=&#8220;1.2em&#8220; custom_padding=&#8220;|||&#8220; animation_direction=&#8220;left&#8220;]<\/p>\n<h2>Impressum<\/h2>\n<p>[\/et_pb_text][\/et_pb_column][et_pb_column type=&#8220;2_3&#8243; _builder_version=&#8220;3.25&#8243; custom_padding=&#8220;|||&#8220; custom_padding__hover=&#8220;|||&#8220;][et_pb_text _builder_version=&#8220;4.3.2&#8243; text_font=&#8220;||||||||&#8220; text_font_size=&#8220;16px&#8220; header_font=&#8220;||||||||&#8220; animation_direction=&#8220;left&#8220;]<\/p>\n<p><strong>ANGABEN GEM. \u00a7 5 TMG:<\/strong><span style=\"font-size: 16px;\">\u00a0<\/span><\/p>\n<p><span style=\"font-size: 16px;\">Corina Lass<br \/><\/span>Am Sudholz 37<br \/> 33613 Bielefeld<\/p>\n<p>&nbsp;<\/p>\n<p><strong><\/strong><\/p>\n<p><strong>KONTAKT:<\/strong><\/p>\n<p><span style=\"font-size: 16px;\">Leben daneben<br \/><\/span><span style=\"font-size: 16px;\">Training | Coaching | Denkr\u00e4ume<\/span><span style=\"font-size: 16px;\"><\/span><\/p>\n<p><span style=\"font-size: 16px;\">Corina Lass<br \/><\/span>Am Sudholz 37<span style=\"font-size: 16px;\"><br \/><\/span><span style=\"font-size: 16px;\">33613 Bielefeld<\/span><\/p>\n<p><span style=\"font-size: 16px;\">Tel: 0177 2 67 46 25<br \/><\/span><span style=\"font-size: 16px;\">E-Mail: info<span>[at]leben-daneben.de<\/span><\/span><\/p>\n<p>&nbsp;<\/p>\n<p><strong style=\"font-size: 16px;\"><\/strong><\/p>\n<p><strong style=\"font-size: 16px;\">VERANTWORTLICH F\u00dcR INHALTE NACH \u00a7 55 II RStV:<\/strong><\/p>\n<p><span style=\"font-size: 16px;\">Corina Lass<br \/><\/span><span style=\"font-size: 16px;\">Am Sudholz 37<br \/><\/span><span style=\"font-size: 16px;\">33613 Bielefeld<\/span><span style=\"font-size: 16px;\">\u00a0<\/span><\/p>\n<p>&nbsp;<\/p>\n<p><strong style=\"font-size: 16px;\"><\/strong><\/p>\n<p><strong style=\"font-size: 16px;\">QUELLENNACHWEISE:<\/strong><span style=\"font-size: 16px;\">\u00a0<\/span><\/p>\n<p><span style=\"font-size: 16px;\">S\u00e4mtliche Portr\u00e4ts:<br \/><\/span><span style=\"font-size: 16px;\">Markus Gin Oh, <span>Fotostudio Gin Oh, Herford,<\/span>\u00a0<\/span><a href=\"https:\/\/ginoh.de\" style=\"font-size: 16px;\">https:\/\/ginoh.de<br \/><\/a><span style=\"font-size: 16px;\"><br \/>Weitere Fotos: <br \/>shutterstock\/HP30, shutterstock\/winnievinzence<\/span><span style=\"font-size: 16px;\">\u00a0<\/span><\/p>\n<p>&nbsp;<\/p>\n<p><b style=\"font-size: 16px;\"><\/b><\/p>\n<p><b style=\"font-size: 16px;\">EU-STREITSCHLICHTUNG:<\/b><span style=\"font-size: 16px;\">\u00a0<\/span><\/p>\n<p><span style=\"font-size: 16px;\">Die EU stellt auf der Plattform https\/\/ec.europa.eu\/consumers\/odr eine Online-Plattform zur Streitbeilegung bereit. Meine E-Mail-Adresse finden Sie oben im Impressum.<\/span><\/p>\n<p>&nbsp;<\/p>\n<p>&nbsp;<\/p>\n<p><strong style=\"font-size: 16px;\">VERBRAUCHERSTREITBEILEGUNG\/UNIVERSALSCHLICHTUNGSSTELLE:<\/strong><span style=\"font-size: 16px;\">\u00a0<\/span><\/p>\n<p><span style=\"font-size: 16px;\">Ich bin weder verpflichtet noch bereit, an Streitbeilegungsverfahren vor einer Verbraucherschlichtungsstelle teilzunehmen.<br \/><\/span><span style=\"font-size: 16px;\">\u00a0<\/span><\/p>\n<p><strong style=\"font-size: 16px;\"><\/strong><\/p>\n<p><strong style=\"font-size: 16px;\"><\/strong><\/p>\n<p><strong style=\"font-size: 16px;\"><\/strong><strong style=\"font-size: 16px;\">DISCLAIMER:<\/strong><\/p>\n<p><strong style=\"font-size: 16px;\"><\/strong><strong style=\"font-size: 16px;\">Haftung f\u00fcr Inhalte<\/strong><\/p>\n<p><strong style=\"font-size: 16px;\"><\/strong><span style=\"font-size: 16px;\">Ich bem\u00fche mich um Richtigkeit, Vollst\u00e4ndigkeit und Aktualit\u00e4t der Inhalte auf meinen Seiten, kann daf\u00fcr aber keine Garantie \u00fcbernehmen.<\/span><\/p>\n<p><strong style=\"font-size: 16px;\"><\/strong><span style=\"font-size: 16px;\">F\u00fcr eigene Inhalte auf meinen Seiten bin ich als Diensteanbieter nach den allgemeinen\u00a0Gesetzen verantwortlich.<\/span><span style=\"font-size: 16px;\">\u00a0Das ergibt sich aus\u00a0\u00a7 7 Absatz 1 TMG.<\/span><span style=\"font-size: 16px;\">\u00a0<\/span><\/p>\n<p><strong style=\"font-size: 16px;\"><\/strong><span style=\"font-size: 16px;\">Im Sinne der \u00a7\u00a7 8 bis 10 TMG bin ich aber nicht verpflichtet, von mir \u00fcbermittelte oder gespeicherte Informationen zu \u00fcberwachen oder nach Umst\u00e4nden zu forschen, die auf eine rechtswidrige T\u00e4tigkeit hinweisen.\u00a0<\/span><span style=\"font-size: 16px;\">Meine Pflicht zum Entfernen oder Sperren der Nutzung von Informationen nach den allgemeinen Gesetzen bleibt davon unber\u00fchrt.<\/span><br \/><strong style=\"font-size: 16px;\"><\/strong><\/p>\n<p><span style=\"font-size: 16px;\">Eine Haftung meinerseits setzt voraus, dass ich Kenntnis von der konkreten Rechtsverletzung habe, sie ist nicht vorher m\u00f6glich. Sobald mir Rechtsverletzungen bekannt werden, werde ich die entsprechenden Inhalte sofort entfernen.<\/span><span style=\"font-size: 16px;\">\u00a0<\/span><span style=\"font-size: 16px;\">\u00a0<\/span><span style=\"font-size: 16px;\">\u00a0<\/span><br \/><strong style=\"font-size: 16px;\"><\/strong><\/p>\n<p><strong style=\"font-size: 16px;\">Haftung f\u00fcr Links<\/strong><span style=\"font-size: 16px;\">\u00a0<\/span><\/p>\n<p><span style=\"font-size: 16px;\">Meine Seiten enthalten Links auf externe Webseiten Dritter. Die Inhalte dieser direkt oder indirekt verlinkten Webseiten liegen au\u00dferhalb meines Einflussbereichs. F\u00fcr die Richtigkeit der Inhalte ist darum der jeweilige Anbieter oder Betreiber verantwortlich. Ich \u00fcbernehme daf\u00fcr keinerlei Gew\u00e4hr.<\/span><span style=\"font-size: 16px;\">\u00a0<\/span><\/p>\n<p><span style=\"font-size: 16px;\">Die fremden Webseiten habe ich zum Zeitpunkt, da ich sie verlinkt\u00a0habe, auf m\u00f6gliche Rechtsverst\u00f6\u00dfe \u00fcberpr\u00fcft. Zu diesem Zeitpunkt waren f\u00fcr mich keinerlei Rechtsverletzungen erkennbar. Eine st\u00e4ndige \u00dcberpr\u00fcfung s\u00e4mtlicher Inhalte der von mir verlinkten Seiten kann ich ohne konkrete Anhaltspunkte f\u00fcr einen Rechtsversto\u00df nicht leisten. Falls mir Rechtsverletzungen bekannt werden, werde ich die entsprechenden Links sofort entfernen.<\/span><span style=\"font-size: 16px;\">\u00a0<\/span><\/p>\n<p><strong style=\"font-size: 16px;\">Urheberrecht<\/strong><\/p>\n<p><span style=\"font-size: 16px;\">Die durch mich erstellten Inhalte auf diesen Seiten unterliegen dem deutschen Urheberrecht. Beitr\u00e4ge Dritter sind als solche gekennzeichnet. Sollten Sie trotzdem auf eine Urheberrechtsverletzung aufmerksam werden, bitte ich Sie, mich darauf hinzuweisen. Ich werde derartige Inhalte dann sofort entfernen.<\/span><\/p>\n<p><span style=\"font-size: 16px;\">Die Vervielf\u00e4ltigung, Bearbeitung, Verbreitung und jede Art der Verwertung bed\u00fcrfen meiner schriftlichen Zustimmung bzw. die des jeweiligen Autors oder Fotografen. Kopien von diesen Seiten gestatte ich nur f\u00fcr private, nicht aber f\u00fcr kommerzielle Zwecke.<\/span><span style=\"font-size: 16px;\">\u00a0<\/span><\/p>\n<p><span style=\"font-size: 16px;\"><span>Sollten Sie trotzdem auf eine Urheberrechtsverletzung aufmerksam werden, bitten ich Sie um einen entsprechenden Hinweis. Bei Bekanntwerden von Rechtsverletzungen werde ich derartige Inhalte umgehend entfernen.<\/span><\/span><span style=\"font-size: 16px;\">\u00a0<\/span><\/p>\n<p><strong style=\"font-size: 16px;\">Datenschutz<\/strong><span style=\"font-size: 16px;\">\u00a0<\/span><\/p>\n<p><span style=\"font-size: 16px;\">F\u00fcr die Sicherheit der Daten\u00fcbertragung im Internet kann ich keine Gew\u00e4hr \u00fcbernehmen.\u00a0Bei der \u00dcbertragung von Daten per E-Mail besteht insbesondere die Gefahr des Zugriffs durch Dritte.<\/span><span style=\"font-size: 16px;\">\u00a0<\/span><\/p>\n<p><span style=\"font-size: 16px;\">F\u00fcr den Fall, dass ich personenbezogene oder gesch\u00e4ftliche Daten (E-Mail-Adressen, Namen, Anschriften) auf meinen Seiten erhebe, gibt der Nutzer diese Daten stets auf freiwilliger Basis preis. Alle von mir angebotenen Dienste k\u00f6nnen auch ohne Angabe solcher Daten bzw. unter Angabe anonymisierter Daten oder eines Pseudonyms in Anspruch genommen und bezahlt werden, soweit dies technisch m\u00f6glich und zumutbar ist.<\/span><span style=\"font-size: 16px;\">\u00a0<\/span><span style=\"font-size: 16px;\">\u00a0<\/span><\/p>\n<p><span style=\"font-size: 16px;\">Ausdr\u00fccklich widerspreche ich hiermit einer Nutzung der im Impressum ver\u00f6ffentlichten Kontaktdaten durch Dritte zu Werbezwecken. F\u00fcr den Fall unverlangt zugesandter Werbe- oder Informationsmaterialien behalte ich mir ausdr\u00fccklich rechtliche Schritte vor.\u00a0<\/span><\/p>\n<p><strong style=\"font-size: 16px;\">Rechtswirksamkeit dieses Haftungsausschlusses<\/strong><span style=\"font-size: 16px;\">\u00a0<\/span><span style=\"font-size: 16px;\">\u00a0<\/span><\/p>\n<p><span style=\"font-size: 16px;\">Der Vorstehende Haftungsausschluss ist Teil des Internetangebots, von dem aus auf diese Seite verwiesen wird. Sollten einzelne Regelungen oder Formulierungen dieses Haftungsausschlusses unwirksam sein oder unwirksam werden, bleiben die \u00fcbrigen Regelungen in ihrem Inhalt und ihrer G\u00fcltigkeit davon unber\u00fchrt.<\/span><span style=\"font-size: 16px;\">\u00a0<\/span><\/p>\n<p>&nbsp;<\/p>\n<p>&nbsp;<\/p>\n<p>&nbsp;<\/p>\n<p>[\/et_pb_text][\/et_pb_column][\/et_pb_row][\/et_pb_section]<\/p>\n","protected":false},"excerpt":{"rendered":"<p>[et_pb_section fb_built=&#8220;1&#8243; admin_label=&#8220;Market Information Section&#8220; _builder_version=&#8220;4.3.2&#8243; background_color=&#8220;rgba(0,81,122,0.16)&#8220; custom_padding=&#8220;15px||4px|||&#8220;][et_pb_row column_structure=&#8220;1_3,2_3&#8243; admin_label=&#8220;Market Information Title Area&#8220; _builder_version=&#8220;3.25&#8243; custom_padding=&#8220;40px|0px|14px|0px||&#8220;][et_pb_column type=&#8220;1_3&#8243; _builder_version=&#8220;3.25&#8243; custom_padding=&#8220;|||&#8220; custom_padding__hover=&#8220;|||&#8220;][et_pb_text admin_label=&#8220;Title&#8220; _builder_version=&#8220;4.3.2&#8243; text_font=&#8220;||||||||&#8220; header_font=&#8220;||||||||&#8220; header_2_font=&#8220;Lato||||||||&#8220; header_2_font_size=&#8220;34px&#8220; header_2_line_height=&#8220;1.2em&#8220; custom_padding=&#8220;|||&#8220; animation_direction=&#8220;left&#8220;] Impressum [\/et_pb_text][\/et_pb_column][et_pb_column type=&#8220;2_3&#8243; _builder_version=&#8220;3.25&#8243; custom_padding=&#8220;|||&#8220; custom_padding__hover=&#8220;|||&#8220;][et_pb_text _builder_version=&#8220;4.3.2&#8243; text_font=&#8220;||||||||&#8220; text_font_size=&#8220;16px&#8220; header_font=&#8220;||||||||&#8220; animation_direction=&#8220;left&#8220;] ANGABEN GEM. \u00a7 5 TMG:\u00a0 Corina LassAm Sudholz 37 33613 Bielefeld &nbsp; KONTAKT: Leben danebenTraining | [&hellip;]<\/p>\n","protected":false},"author":1,"featured_media":0,"parent":0,"menu_order":0,"comment_status":"closed","ping_status":"closed","template":"","meta":{"_et_pb_use_builder":"on","_et_pb_old_content":"","_et_gb_content_width":"","footnotes":""},"class_list":["post-193","page","type-page","status-publish","hentry"],"_links":{"self":[{"href":"https:\/\/leben-daneben.de\/index.php?rest_route=\/wp\/v2\/pages\/193","targetHints":{"allow":["GET"]}}],"collection":[{"href":"https:\/\/leben-daneben.de\/index.php?rest_route=\/wp\/v2\/pages"}],"about":[{"href":"https:\/\/leben-daneben.de\/index.php?rest_route=\/wp\/v2\/types\/page"}],"author":[{"embeddable":true,"href":"https:\/\/leben-daneben.de\/index.php?rest_route=\/wp\/v2\/users\/1"}],"replies":[{"embeddable":true,"href":"https:\/\/leben-daneben.de\/index.php?rest_route=%2Fwp%2Fv2%2Fcomments&post=193"}],"version-history":[{"count":54,"href":"https:\/\/leben-daneben.de\/index.php?rest_route=\/wp\/v2\/pages\/193\/revisions"}],"predecessor-version":[{"id":1484,"href":"https:\/\/leben-daneben.de\/index.php?rest_route=\/wp\/v2\/pages\/193\/revisions\/1484"}],"wp:attachment":[{"href":"https:\/\/leben-daneben.de\/index.php?rest_route=%2Fwp%2Fv2%2Fmedia&parent=193"}],"curies":[{"name":"wp","href":"https:\/\/api.w.org\/{rel}","templated":true}]}}