{"id":1298,"date":"2022-11-04T11:56:22","date_gmt":"2022-11-04T11:56:22","guid":{"rendered":"https:\/\/leben-daneben.de\/?page_id=1298"},"modified":"2023-12-04T00:24:43","modified_gmt":"2023-12-04T00:24:43","slug":"tag-der-mimikresonanz","status":"publish","type":"page","link":"https:\/\/leben-daneben.de\/?page_id=1298","title":{"rendered":"Vortr\u00e4ge"},"content":{"rendered":"[et_pb_section fb_built=&#8220;1&#8243; admin_label=&#8220;section&#8220; _builder_version=&#8220;4.8.2&#8243; background_color=&#8220;rgba(153,179,193,0.53)&#8220;][et_pb_row admin_label=&#8220;Zeile&#8220; _builder_version=&#8220;4.8.2&#8243; _module_preset=&#8220;default&#8220; collapsed=&#8220;on&#8220;][et_pb_column type=&#8220;4_4&#8243; _builder_version=&#8220;4.8.2&#8243; _module_preset=&#8220;default&#8220;][et_pb_image src=&#8220;https:\/\/leben-daneben.de\/wp-content\/uploads\/2023\/12\/banner-tag-der-mimik-1200px-2-pdf.jpg&#8220; title_text=&#8220;banner-tag-der-mimik-1200px-2-pdf&#8220; _builder_version=&#8220;4.8.2&#8243; _module_preset=&#8220;default&#8220;][\/et_pb_image][\/et_pb_column][\/et_pb_row][et_pb_row admin_label=&#8220;row&#8220; _builder_version=&#8220;4.8.2&#8243; background_size=&#8220;initial&#8220; background_position=&#8220;top_left&#8220; background_repeat=&#8220;repeat&#8220; min_height=&#8220;772.2px&#8220; motion_trigger_start=&#8220;top&#8220;][et_pb_column type=&#8220;4_4&#8243; _builder_version=&#8220;4.8.2&#8243; custom_padding=&#8220;|||&#8220; sticky_position=&#8220;top&#8220; motion_trigger_start=&#8220;top&#8220; custom_padding__hover=&#8220;|||&#8220;][et_pb_text admin_label=&#8220;Text&#8220; _builder_version=&#8220;4.8.2&#8243; background_size=&#8220;initial&#8220; background_position=&#8220;top_left&#8220; background_repeat=&#8220;repeat&#8220; locked=&#8220;off&#8220;]<p><\/p>\n<h1 class=\"wp-block-heading\"><\/h1>\n<h1><strong>Wie ermittelt Hannah Herbst?<\/strong><\/h1>\n<h2><span style=\"font-size: small;\"><strong><span style=\"font-family: inherit;\"><br \/><span style=\"font-size: medium;\">Im Psychothriller &#8222;Mimik&#8220; von Sebastian Fitzek ist Mimikresonanz-Expertin Hannah Herbst die Hauptfigur. Normalerweise reicht ihr ein winziges Zucken der Augenbrauen, um das wahre Ich ihres Gegen\u00fcbers zu \u201elesen\u201c. Denn Hannah ist spezialisiert auf die K\u00f6rpersprache. Ausgerechnet als sie nach einer Operation mit den Folgen eines Ged\u00e4chtnisverlustes zu k\u00e4mpfen hat, ist sie mit dem schrecklichsten Fall ihrer Karriere konfrontiert. Um ihn l\u00f6sen zu k\u00f6nnen, ist sie allein auf ihre Kenntnisse aus der Mimikresonanz angewiesen.<\/span><\/span><\/strong><\/span><\/h2>\n<h2><span style=\"font-size: medium;\"><strong><\/strong><\/span><\/h2>\n<h2><span style=\"font-size: medium;\"><strong><\/strong><\/span><\/h2>\n<h2><span style=\"font-size: medium;\"><strong>Doch um welche geheimnisvollen Signale der K\u00f6rpersprache geht es dabei? Lernen Sie die Signale bei meinem Vortrag kennen! Sebastian Fitzeks Psychothriller brauchen Sie dazu \u00fcbrigens nicht gelesen zu haben. Ich gebe Ihnen gerne eine Einf\u00fchrung &#8211; auf privaten Veranstaltungen oder bei gr\u00f6\u00dferen Firmenevents. <br \/><\/strong><\/span><\/h2>\n<div class=\"wp-block-group\">\n<h2><span style=\"font-size: medium;\"><strong><\/strong><\/span><\/h2>\n<p><strong><\/strong><\/p>\n<p><strong><\/strong><\/p>\n<p><strong><\/strong><\/p>\n<p><strong><\/strong><\/p>\n<p><\/p>\n<p><\/p>\n<p><\/p>\n<p><\/p>\n<p><\/p>\n<p><\/p>\n<p><\/p>\n<p><\/p>\n<p><\/p>\n<p><\/p>\n<p><\/p>\n<p><\/p>\n<p><\/p>\n<\/div>\n<p><!-- \/wp:post-content --><\/p>\n<p><!-- wp:heading --><\/p>\n<h2><\/h2>\n<p><!-- \/wp:heading --><\/p>[\/et_pb_text][\/et_pb_column][\/et_pb_row][\/et_pb_section][et_pb_section fb_built=&#8220;1&#8243; admin_label=&#8220;section&#8220; _builder_version=&#8220;4.8.2&#8243; sticky_position=&#8220;top&#8220; locked=&#8220;on&#8220;][et_pb_row admin_label=&#8220;row&#8220; _builder_version=&#8220;4.8.2&#8243; background_size=&#8220;initial&#8220; background_position=&#8220;top_left&#8220; background_repeat=&#8220;repeat&#8220; min_height=&#8220;804.2px&#8220; locked=&#8220;on&#8220;][et_pb_column type=&#8220;4_4&#8243; _builder_version=&#8220;4.8.2&#8243; custom_padding=&#8220;|||&#8220; sticky_position=&#8220;top&#8220; motion_trigger_start=&#8220;top&#8220; custom_padding__hover=&#8220;|||&#8220;][et_pb_text admin_label=&#8220;Text&#8220; _builder_version=&#8220;4.8.2&#8243; background_size=&#8220;initial&#8220; background_position=&#8220;top_left&#8220; background_repeat=&#8220;repeat&#8220; locked=&#8220;on&#8220;]<p><!-- wp:heading {\"level\":1} --><\/p>\n<h1><strong><\/strong><\/h1>\n<h1><strong><\/strong><\/h1>\n<h1><strong>Wie ermittelt Hannah Herbst?<\/strong><\/h1>\n<h1><strong><span style=\"font-size: large;\">Spannender Vortrag zu den Hintergr\u00fcnde des Psychothrillers &#8222;Mimik&#8220; von Sebastian Fitzek<br \/><\/span><span style=\"font-size: large;\">Mit einer Einf\u00fchung von Sebastian Fitzek &amp; Dirk Eilert live aus Berlin<\/span><\/strong><\/h1>\n<h1><span style=\"font-size: small; font-family: inherit; font-weight: normal;\">In dem neuen Psychothriller von Sebastian Fitzek ist Mimikresonanz-Expertin Hannah Herbst die Hauptfigur. Normalerweise reicht ihr ein winziges Zucken der Augenbrauen, um das wahre Ich ihres Gegen\u00fcbers zu \u201elesen\u201c. Denn Hannah ist spezialisiert auf die K\u00f6rpersprache. Ausgerechnet als sie jedoch nach einer Operation mit den Folgen eines Ged\u00e4chtnisverlustes zu k\u00e4mpfen hat, ist sie mit dem schrecklichsten Fall ihrer Karriere konfrontiert. Um ihn l\u00f6sen zu k\u00f6nnen, ist sie allein auf ihre Kenntnisse aus der Mimikresonanz angewiesen.<\/span><\/h1>\n<h1><span style=\"font-size: small;\">Doch um welche geheimnisvollen Signale der K\u00f6rpersprache geht es dabei? Lernen Sie die Signale an diesem Abend kennen! Dirk W. Eilert, Entwickler der\u00a0Mimikresonanz-Methode,\u00a0und Auto Sebastian Fitzek begr\u00fc\u00dfen Sie um 19.09 Uhr live per Video-Schalte aus Berlin.<\/span><\/h1>\n<h1><span style=\"font-size: small;\">Trainerin: Corina Lass<\/span><\/h1>\n<div class=\"wp-block-group\">\n<h4><span style=\"font-size: small;\">Termin: Dienstag, 29. November 2022<\/span><\/h4>\n<h4><span style=\"font-size: small;\">Ort: Elsbach-Haus, Goebenstra\u00dfe 3-7, 32052 Herford<\/span><\/h4>\n<h4><span style=\"font-size: small;\">Uhrzeit: 19.00 bis 20.30<\/span> <a href=\"https:\/\/www.mybrainboxx.com\/termine\/#mimikresonanz-tag-der-mimikresonanz-am-29-november-2022\"><\/a><a href=\"https:\/\/www.mybrainboxx.com\/termine\/#mimikresonanz-tag-der-mimikresonanz-am-29-november-2022\"><\/a><\/h4>\n<p><!-- \/wp:heading --><\/p>\n<p><!-- wp:paragraph --><\/p>\n<p><!-- \/wp:paragraph --><\/p>\n<p><!-- wp:paragraph --><\/p>\n<p><!-- \/wp:paragraph --><\/p>\n<p><!-- wp:paragraph --><\/p>\n<p><!-- \/wp:paragraph --><\/p>\n<p><!-- wp:paragraph --><\/p>\n<p><!-- \/wp:paragraph --><\/p>\n<p><!-- wp:paragraph --><\/p>\n<p><!-- \/wp:paragraph --><\/p>\n<p><!-- wp:paragraph --><\/p>\n<p><!-- \/wp:paragraph --><\/p>\n<p><!-- wp:paragraph --><\/p>\n<p><!-- \/wp:paragraph --><\/p>\n<p><!-- wp:paragraph --><\/p>\n<p><!-- \/wp:paragraph --><\/p>\n<\/div>\n<p><!-- \/wp:group --><\/p>\n<p><!-- wp:heading --><\/p>\n<h2><\/h2>\n<p><!-- \/wp:heading --><\/p>[\/et_pb_text][\/et_pb_column][\/et_pb_row][\/et_pb_section][et_pb_section fb_built=&#8220;1&#8243; admin_label=&#8220;section&#8220; _builder_version=&#8220;3.22&#8243; locked=&#8220;on&#8220;][et_pb_row admin_label=&#8220;row&#8220; _builder_version=&#8220;4.8.2&#8243; background_size=&#8220;initial&#8220; background_position=&#8220;top_left&#8220; background_repeat=&#8220;repeat&#8220; min_height=&#8220;804.2px&#8220; locked=&#8220;on&#8220;][et_pb_column type=&#8220;4_4&#8243; _builder_version=&#8220;4.8.2&#8243; custom_padding=&#8220;|||&#8220; sticky_position=&#8220;top&#8220; motion_trigger_start=&#8220;top&#8220; custom_padding__hover=&#8220;|||&#8220;][et_pb_text admin_label=&#8220;Text&#8220; _builder_version=&#8220;4.8.2&#8243; background_size=&#8220;initial&#8220; background_position=&#8220;top_left&#8220; background_repeat=&#8220;repeat&#8220; locked=&#8220;on&#8220;]<p><!-- wp:heading {\"level\":1} --><\/p>\n<h1><strong><\/strong><\/h1>\n<h1><strong><\/strong><\/h1>\n<h1><strong>Wie ermittelt Hannah Herbst?<\/strong><\/h1>\n<h1><strong><span style=\"font-size: large;\">Spannender Vortrag zu den Hintergr\u00fcnde des Psychothrillers &#8222;Mimik&#8220; von Sebastian Fitzek<br \/><\/span><span style=\"font-size: large;\">Mit einer Einf\u00fchung von Sebastian Fitzek &amp; Dirk Eilert live aus Berlin<\/span><\/strong><\/h1>\n<h1><span style=\"font-size: small; font-family: inherit; font-weight: normal;\">In dem neuen Psychothriller von Sebastian Fitzek ist Mimikresonanz-Expertin Hannah Herbst die Hauptfigur. Normalerweise reicht ihr ein winziges Zucken der Augenbrauen, um das wahre Ich ihres Gegen\u00fcbers zu \u201elesen\u201c. Denn Hannah ist spezialisiert auf die K\u00f6rpersprache. Ausgerechnet als sie jedoch nach einer Operation mit den Folgen eines Ged\u00e4chtnisverlustes zu k\u00e4mpfen hat, ist sie mit dem schrecklichsten Fall ihrer Karriere konfrontiert. Um ihn l\u00f6sen zu k\u00f6nnen, ist sie allein auf ihre Kenntnisse aus der Mimikresonanz angewiesen.<\/span><\/h1>\n<h1><span style=\"font-size: small;\">Doch um welche geheimnisvollen Signale der K\u00f6rpersprache geht es dabei? Lernen Sie die Signale an diesem Abend kennen! Dirk W. Eilert, Entwickler der\u00a0Mimikresonanz-Methode,\u00a0und Auto Sebastian Fitzek begr\u00fc\u00dfen Sie um 19.09 Uhr live per Video-Schalte aus Berlin.<\/span><\/h1>\n<h1><span style=\"font-size: small;\">Trainerin: Corina Lass<\/span><\/h1>\n<div class=\"wp-block-group\">\n<h4><span style=\"font-size: small;\">Termin: Dienstag, 29. November 2022<\/span><\/h4>\n<h4><span style=\"font-size: small;\">Ort: Elsbach-Haus, Goebenstra\u00dfe 3-7, 32052 Herford<\/span><\/h4>\n<h4><span style=\"font-size: small;\">Uhrzeit: 19.00 bis 20.30<\/span> <a href=\"https:\/\/www.mybrainboxx.com\/termine\/#mimikresonanz-tag-der-mimikresonanz-am-29-november-2022\"><\/a><a href=\"https:\/\/www.mybrainboxx.com\/termine\/#mimikresonanz-tag-der-mimikresonanz-am-29-november-2022\"><\/a><\/h4>\n<p><!-- \/wp:heading --><\/p>\n<p><!-- wp:paragraph --><\/p>\n<p><!-- \/wp:paragraph --><\/p>\n<p><!-- wp:paragraph --><\/p>\n<p><!-- \/wp:paragraph --><\/p>\n<p><!-- wp:paragraph --><\/p>\n<p><!-- \/wp:paragraph --><\/p>\n<p><!-- wp:paragraph --><\/p>\n<p><!-- \/wp:paragraph --><\/p>\n<p><!-- wp:paragraph --><\/p>\n<p><!-- \/wp:paragraph --><\/p>\n<p><!-- wp:paragraph --><\/p>\n<p><!-- \/wp:paragraph --><\/p>\n<p><!-- wp:paragraph --><\/p>\n<p><!-- \/wp:paragraph --><\/p>\n<p><!-- wp:paragraph --><\/p>\n<p><!-- \/wp:paragraph --><\/p>\n<\/div>\n<p><!-- \/wp:group --><\/p>\n<p><!-- wp:heading --><\/p>\n<h2><\/h2>\n<p><!-- \/wp:heading --><\/p>[\/et_pb_text][\/et_pb_column][\/et_pb_row][\/et_pb_section][et_pb_section fb_built=&#8220;1&#8243; admin_label=&#8220;section&#8220; _builder_version=&#8220;3.22&#8243; locked=&#8220;on&#8220;][et_pb_row admin_label=&#8220;row&#8220; _builder_version=&#8220;4.8.2&#8243; background_size=&#8220;initial&#8220; background_position=&#8220;top_left&#8220; background_repeat=&#8220;repeat&#8220; locked=&#8220;on&#8220;][et_pb_column type=&#8220;4_4&#8243; _builder_version=&#8220;4.8.2&#8243; custom_padding=&#8220;|||&#8220; sticky_position=&#8220;top&#8220; motion_trigger_start=&#8220;top&#8220; custom_padding__hover=&#8220;|||&#8220;][et_pb_text admin_label=&#8220;Text&#8220; _builder_version=&#8220;4.8.2&#8243; background_size=&#8220;initial&#8220; background_position=&#8220;top_left&#8220; background_repeat=&#8220;repeat&#8220; locked=&#8220;on&#8220;]<p><!-- wp:heading {\"level\":1} --><\/p>\n<h1><strong><\/strong><\/h1>\n<h1><strong><\/strong><\/h1>\n<h1><strong>Wie ermittelt Hannah Herbst?<\/strong><\/h1>\n<h1><strong><span style=\"font-size: large;\">Spannender Vortrag zu den Hintergr\u00fcnde des Psychothrillers &#8222;Mimik&#8220; von Sebastian Fitzek<br \/><\/span><span style=\"font-size: large;\">Mit einer Einf\u00fchung von Sebastian Fitzek &amp; Dirk Eilert live aus Berlin<\/span><\/strong><\/h1>\n<h1><span style=\"font-size: small; font-family: inherit; font-weight: normal;\">In dem neuen Psychothriller von Sebastian Fitzek ist Mimikresonanz-Expertin Hannah Herbst die Hauptfigur. Normalerweise reicht ihr ein winziges Zucken der Augenbrauen, um das wahre Ich ihres Gegen\u00fcbers zu \u201elesen\u201c. Denn Hannah ist spezialisiert auf die K\u00f6rpersprache. Ausgerechnet als sie jedoch nach einer Operation mit den Folgen eines Ged\u00e4chtnisverlustes zu k\u00e4mpfen hat, ist sie mit dem schrecklichsten Fall ihrer Karriere konfrontiert. Um ihn l\u00f6sen zu k\u00f6nnen, ist sie allein auf ihre Kenntnisse aus der Mimikresonanz angewiesen.<\/span><\/h1>\n<h1><span style=\"font-size: small;\">Doch um welche geheimnisvollen Signale der K\u00f6rpersprache geht es dabei? Lernen Sie die Signale an diesem Abend kennen! Dirk W. Eilert, Entwickler der\u00a0Mimikresonanz-Methode,\u00a0und Auto Sebastian Fitzek begr\u00fc\u00dfen Sie um 19.09 Uhr live per Video-Schalte aus Berlin.<\/span><\/h1>\n<h1><span style=\"font-size: small;\">Trainerin: Corina Lass<\/span><\/h1>\n<div class=\"wp-block-group\">\n<h4><span style=\"font-size: small;\">Termin: Dienstag, 29. November 2022<\/span><\/h4>\n<h4><span style=\"font-size: small;\">Ort: Elsbach-Haus, Goebenstra\u00dfe 3-7, 32052 Herford<\/span><\/h4>\n<h4><span style=\"font-size: small;\">Uhrzeit: 19.00 bis 20.30<\/span> <a href=\"https:\/\/www.mybrainboxx.com\/termine\/#mimikresonanz-tag-der-mimikresonanz-am-29-november-2022\"><\/a><a href=\"https:\/\/www.mybrainboxx.com\/termine\/#mimikresonanz-tag-der-mimikresonanz-am-29-november-2022\"><\/a><\/h4>\n<p><!-- \/wp:heading --><\/p>\n<p><!-- wp:paragraph --><\/p>\n<p><!-- \/wp:paragraph --><\/p>\n<p><!-- wp:paragraph --><\/p>\n<p><!-- \/wp:paragraph --><\/p>\n<p><!-- wp:paragraph --><\/p>\n<p><!-- \/wp:paragraph --><\/p>\n<p><!-- wp:paragraph --><\/p>\n<p><!-- \/wp:paragraph --><\/p>\n<p><!-- wp:paragraph --><\/p>\n<p><!-- \/wp:paragraph --><\/p>\n<p><!-- wp:paragraph --><\/p>\n<p><!-- \/wp:paragraph --><\/p>\n<p><!-- wp:paragraph --><\/p>\n<p><!-- \/wp:paragraph --><\/p>\n<p><!-- wp:paragraph --><\/p>\n<p><!-- \/wp:paragraph --><\/p>\n<\/div>\n<p><!-- \/wp:group --><\/p>\n<p><!-- wp:heading --><\/p>\n<h2><\/h2>\n<p><!-- \/wp:heading --><\/p>[\/et_pb_text][\/et_pb_column][\/et_pb_row][\/et_pb_section][et_pb_section fb_built=&#8220;1&#8243; admin_label=&#8220;section&#8220; _builder_version=&#8220;3.22&#8243; locked=&#8220;on&#8220;][et_pb_row admin_label=&#8220;row&#8220; _builder_version=&#8220;4.8.2&#8243; background_size=&#8220;initial&#8220; background_position=&#8220;top_left&#8220; background_repeat=&#8220;repeat&#8220; locked=&#8220;on&#8220;][et_pb_column type=&#8220;4_4&#8243; _builder_version=&#8220;4.8.2&#8243; custom_padding=&#8220;|||&#8220; sticky_position=&#8220;top&#8220; motion_trigger_start=&#8220;top&#8220; custom_padding__hover=&#8220;|||&#8220;][et_pb_text admin_label=&#8220;Text&#8220; _builder_version=&#8220;4.8.2&#8243; background_size=&#8220;initial&#8220; background_position=&#8220;top_left&#8220; background_repeat=&#8220;repeat&#8220; locked=&#8220;on&#8220;]<p><!-- wp:heading {\"level\":1} --><\/p>\n<h1><strong><\/strong><\/h1>\n<h1><strong><\/strong><\/h1>\n<h1><strong>Wie ermittelt Hannah Herbst?<\/strong><\/h1>\n<h1><strong><span style=\"font-size: large;\">Spannender Vortrag zu den Hintergr\u00fcnde des Psychothrillers &#8222;Mimik&#8220; von Sebastian Fitzek<br \/><\/span><span style=\"font-size: large;\">Mit einer Einf\u00fchung von Sebastian Fitzek &amp; Dirk Eilert live aus Berlin<\/span><\/strong><\/h1>\n<h1><span style=\"font-size: small; font-family: inherit; font-weight: normal;\">In dem neuen Psychothriller von Sebastian Fitzek ist Mimikresonanz-Expertin Hannah Herbst die Hauptfigur. Normalerweise reicht ihr ein winziges Zucken der Augenbrauen, um das wahre Ich ihres Gegen\u00fcbers zu \u201elesen\u201c. Denn Hannah ist spezialisiert auf die K\u00f6rpersprache. Ausgerechnet als sie jedoch nach einer Operation mit den Folgen eines Ged\u00e4chtnisverlustes zu k\u00e4mpfen hat, ist sie mit dem schrecklichsten Fall ihrer Karriere konfrontiert. Um ihn l\u00f6sen zu k\u00f6nnen, ist sie allein auf ihre Kenntnisse aus der Mimikresonanz angewiesen.<\/span><\/h1>\n<h1><span style=\"font-size: small;\">Doch um welche geheimnisvollen Signale der K\u00f6rpersprache geht es dabei? Lernen Sie die Signale an diesem Abend kennen! Dirk W. Eilert, Entwickler der\u00a0Mimikresonanz-Methode,\u00a0und Auto Sebastian Fitzek begr\u00fc\u00dfen Sie um 19.09 Uhr live per Video-Schalte aus Berlin.<\/span><\/h1>\n<h1><span style=\"font-size: small;\">Trainerin: Corina Lass<\/span><\/h1>\n<div class=\"wp-block-group\">\n<h4><span style=\"font-size: small;\">Termin: Dienstag, 29. November 2022<\/span><\/h4>\n<h4><span style=\"font-size: small;\">Ort: Elsbach-Haus, Goebenstra\u00dfe 3-7, 32052 Herford<\/span><\/h4>\n<h4><span style=\"font-size: small;\">Uhrzeit: 19.00 bis 20.30<\/span> <a href=\"https:\/\/www.mybrainboxx.com\/termine\/#mimikresonanz-tag-der-mimikresonanz-am-29-november-2022\"><\/a><a href=\"https:\/\/www.mybrainboxx.com\/termine\/#mimikresonanz-tag-der-mimikresonanz-am-29-november-2022\"><\/a><\/h4>\n<p><!-- \/wp:heading --><\/p>\n<p><!-- wp:paragraph --><\/p>\n<p><!-- \/wp:paragraph --><\/p>\n<p><!-- wp:paragraph --><\/p>\n<p><!-- \/wp:paragraph --><\/p>\n<p><!-- wp:paragraph --><\/p>\n<p><!-- \/wp:paragraph --><\/p>\n<p><!-- wp:paragraph --><\/p>\n<p><!-- \/wp:paragraph --><\/p>\n<p><!-- wp:paragraph --><\/p>\n<p><!-- \/wp:paragraph --><\/p>\n<p><!-- wp:paragraph --><\/p>\n<p><!-- \/wp:paragraph --><\/p>\n<p><!-- wp:paragraph --><\/p>\n<p><!-- \/wp:paragraph --><\/p>\n<p><!-- wp:paragraph --><\/p>\n<p><!-- \/wp:paragraph --><\/p>\n<\/div>\n<p><!-- \/wp:group --><\/p>\n<p><!-- wp:heading --><\/p>\n<h2><\/h2>\n<p><!-- \/wp:heading --><\/p>[\/et_pb_text][\/et_pb_column][\/et_pb_row][\/et_pb_section][et_pb_section fb_built=&#8220;1&#8243; admin_label=&#8220;section&#8220; _builder_version=&#8220;3.22&#8243; locked=&#8220;on&#8220;][et_pb_row admin_label=&#8220;row&#8220; _builder_version=&#8220;4.8.2&#8243; background_size=&#8220;initial&#8220; background_position=&#8220;top_left&#8220; background_repeat=&#8220;repeat&#8220; locked=&#8220;on&#8220;][et_pb_column type=&#8220;4_4&#8243; _builder_version=&#8220;4.8.2&#8243; custom_padding=&#8220;|||&#8220; sticky_position=&#8220;top&#8220; motion_trigger_start=&#8220;top&#8220; custom_padding__hover=&#8220;|||&#8220;][et_pb_text admin_label=&#8220;Text&#8220; _builder_version=&#8220;4.8.2&#8243; background_size=&#8220;initial&#8220; background_position=&#8220;top_left&#8220; background_repeat=&#8220;repeat&#8220; locked=&#8220;on&#8220;]<p><!-- wp:heading {\"level\":1} --><\/p>\n<h1><strong><\/strong><\/h1>\n<h1><strong><\/strong><\/h1>\n<h1><strong>Wie ermittelt Hannah Herbst?<\/strong><\/h1>\n<h1><strong><span style=\"font-size: large;\">Spannender Vortrag zu den Hintergr\u00fcnde des Psychothrillers &#8222;Mimik&#8220; von Sebastian Fitzek<br \/><\/span><span style=\"font-size: large;\">Mit einer Einf\u00fchung von Sebastian Fitzek &amp; Dirk Eilert live aus Berlin<\/span><\/strong><\/h1>\n<h1><span style=\"font-size: small; font-family: inherit; font-weight: normal;\">In dem neuen Psychothriller von Sebastian Fitzek ist Mimikresonanz-Expertin Hannah Herbst die Hauptfigur. Normalerweise reicht ihr ein winziges Zucken der Augenbrauen, um das wahre Ich ihres Gegen\u00fcbers zu \u201elesen\u201c. Denn Hannah ist spezialisiert auf die K\u00f6rpersprache. Ausgerechnet als sie jedoch nach einer Operation mit den Folgen eines Ged\u00e4chtnisverlustes zu k\u00e4mpfen hat, ist sie mit dem schrecklichsten Fall ihrer Karriere konfrontiert. Um ihn l\u00f6sen zu k\u00f6nnen, ist sie allein auf ihre Kenntnisse aus der Mimikresonanz angewiesen.<\/span><\/h1>\n<h1><span style=\"font-size: small;\">Doch um welche geheimnisvollen Signale der K\u00f6rpersprache geht es dabei? Lernen Sie die Signale an diesem Abend kennen! Dirk W. Eilert, Entwickler der\u00a0Mimikresonanz-Methode,\u00a0und Auto Sebastian Fitzek begr\u00fc\u00dfen Sie um 19.09 Uhr live per Video-Schalte aus Berlin.<\/span><\/h1>\n<h1><span style=\"font-size: small;\">Trainerin: Corina Lass<\/span><\/h1>\n<div class=\"wp-block-group\">\n<h4><span style=\"font-size: small;\">Termin: Dienstag, 29. November 2022<\/span><\/h4>\n<h4><span style=\"font-size: small;\">Ort: Elsbach-Haus, Goebenstra\u00dfe 3-7, 32052 Herford<\/span><\/h4>\n<h4><span style=\"font-size: small;\">Uhrzeit: 19.00 bis 20.30<\/span> <a href=\"https:\/\/www.mybrainboxx.com\/termine\/#mimikresonanz-tag-der-mimikresonanz-am-29-november-2022\"><\/a><a href=\"https:\/\/www.mybrainboxx.com\/termine\/#mimikresonanz-tag-der-mimikresonanz-am-29-november-2022\"><\/a><\/h4>\n<p><!-- \/wp:heading --><\/p>\n<p><!-- wp:paragraph --><\/p>\n<p><!-- \/wp:paragraph --><\/p>\n<p><!-- wp:paragraph --><\/p>\n<p><!-- \/wp:paragraph --><\/p>\n<p><!-- wp:paragraph --><\/p>\n<p><!-- \/wp:paragraph --><\/p>\n<p><!-- wp:paragraph --><\/p>\n<p><!-- \/wp:paragraph --><\/p>\n<p><!-- wp:paragraph --><\/p>\n<p><!-- \/wp:paragraph --><\/p>\n<p><!-- wp:paragraph --><\/p>\n<p><!-- \/wp:paragraph --><\/p>\n<p><!-- wp:paragraph --><\/p>\n<p><!-- \/wp:paragraph --><\/p>\n<p><!-- wp:paragraph --><\/p>\n<p><!-- \/wp:paragraph --><\/p>\n<\/div>\n<p><!-- \/wp:group --><\/p>\n<p><!-- wp:heading --><\/p>\n<h2><\/h2>\n<p><!-- \/wp:heading --><\/p>[\/et_pb_text][\/et_pb_column][\/et_pb_row][\/et_pb_section]","protected":false},"excerpt":{"rendered":"<p>[et_pb_section fb_built=&#8220;1&#8243; admin_label=&#8220;section&#8220; _builder_version=&#8220;4.8.2&#8243; background_color=&#8220;rgba(153,179,193,0.53)&#8220;][et_pb_row admin_label=&#8220;Zeile&#8220; _builder_version=&#8220;4.8.2&#8243; _module_preset=&#8220;default&#8220; collapsed=&#8220;on&#8220;][et_pb_column type=&#8220;4_4&#8243; _builder_version=&#8220;4.8.2&#8243; _module_preset=&#8220;default&#8220;][et_pb_image src=&#8220;https:\/\/leben-daneben.de\/wp-content\/uploads\/2023\/12\/banner-tag-der-mimik-1200px-2-pdf.jpg&#8220; title_text=&#8220;banner-tag-der-mimik-1200px-2-pdf&#8220; _builder_version=&#8220;4.8.2&#8243; _module_preset=&#8220;default&#8220;][\/et_pb_image][\/et_pb_column][\/et_pb_row][et_pb_row admin_label=&#8220;row&#8220; _builder_version=&#8220;4.8.2&#8243; background_size=&#8220;initial&#8220; background_position=&#8220;top_left&#8220; background_repeat=&#8220;repeat&#8220; min_height=&#8220;772.2px&#8220; motion_trigger_start=&#8220;top&#8220;][et_pb_column type=&#8220;4_4&#8243; _builder_version=&#8220;4.8.2&#8243; custom_padding=&#8220;|||&#8220; sticky_position=&#8220;top&#8220; motion_trigger_start=&#8220;top&#8220; custom_padding__hover=&#8220;|||&#8220;][et_pb_text admin_label=&#8220;Text&#8220; _builder_version=&#8220;4.8.2&#8243; background_size=&#8220;initial&#8220; background_position=&#8220;top_left&#8220; background_repeat=&#8220;repeat&#8220; locked=&#8220;off&#8220;] Wie ermittelt Hannah Herbst? Im Psychothriller &#8222;Mimik&#8220; von Sebastian Fitzek ist Mimikresonanz-Expertin Hannah Herbst die Hauptfigur. Normalerweise reicht ihr ein [&hellip;]<\/p>\n","protected":false},"author":2,"featured_media":0,"parent":0,"menu_order":0,"comment_status":"closed","ping_status":"closed","template":"","meta":{"_et_pb_use_builder":"on","_et_pb_old_content":"<!-- wp:heading {\"level\":1} -->\n<h1><\/h1>\n<!-- \/wp:heading -->\n\n<!-- wp:paragraph -->\n<p><\/p>\n<!-- \/wp:paragraph -->\n\n<!-- wp:heading -->\n<h2><strong>Wie ermittelt Hannah Herbst?<\/strong><\/h2>\n<!-- \/wp:heading -->\n\n<!-- wp:paragraph -->\n<p><\/p>\n<!-- \/wp:paragraph -->\n\n<!-- wp:group {\"layout\":{\"type\":\"constrained\"}} -->\n<div class=\"wp-block-group\"><!-- wp:heading {\"level\":4} -->\n<h4><br>Die Hintergr\u00fcnde zum Psychothriller \"Mimik\" von Sebastian Fitzek<br><br>Mit einer Einf\u00fchung von Sebastian Fitzek &amp; Dirk Eilert live aus Berlin<\/h4>\n<!-- \/wp:heading -->\n\n<!-- wp:paragraph -->\n<p><\/p>\n<!-- \/wp:paragraph -->\n\n<!-- wp:paragraph -->\n<p><\/p>\n<!-- \/wp:paragraph -->\n\n<!-- wp:paragraph -->\n<p>In dem neuen Psychothriller von Sebastian Fitzek ist Mimikresonanz-Expertin Hannah Herbst die Hauptfigur. Normalerweise reicht ihr ein winziges Zucken der Augenbrauen, um das wahre Ich ihres Gegen\u00fcbers zu \u201elesen\u201c. Denn Hannah ist spezialisiert auf die K\u00f6rpersprache. Ausgerechnet als sie jedoch nach einer Operation mit den Folgen eines Ged\u00e4chtnisverlustes zu k\u00e4mpfen hat, ist sie mit dem schrecklichsten Fall ihrer Karriere konfrontiert. Um ihn l\u00f6sen zu k\u00f6nnen, ist sie allein auf ihre Kenntnisse aus der Mimikresonanz angewiesen. <\/p>\n<!-- \/wp:paragraph -->\n\n<!-- wp:paragraph -->\n<p>Doch um welche geheimnisvollen Signale der K\u00f6rpersprache geht es dabei? Lernen Sie die Signale an diesem Abend kennen! Dirk W. Eilert, Entwickler der\u00a0Mimikresonanz-Methode,\u00a0und Auto Sebastian Fitzek begr\u00fc\u00dfen Sie um 19.09 Uhr live per Video-Schalte aus Berlin.<\/p>\n<!-- \/wp:paragraph -->\n\n<!-- wp:paragraph -->\n<p>Trainerin: Corina Lass<\/p>\n<!-- \/wp:paragraph -->\n\n<!-- wp:paragraph -->\n<p>Termin: Dienstag, 29. November 2022<\/p>\n<!-- \/wp:paragraph -->\n\n<!-- wp:paragraph -->\n<p>Ort: Elsbach-Haus, Goebenstra\u00dfe 3-7, 32052 Herford<\/p>\n<!-- \/wp:paragraph -->\n\n<!-- wp:paragraph -->\n<p>Uhrzeit: 19.00 bis 20.30 <a href=\"https:\/\/www.mybrainboxx.com\/termine\/#mimikresonanz-tag-der-mimikresonanz-am-29-november-2022\"><\/a><a href=\"https:\/\/www.mybrainboxx.com\/termine\/#mimikresonanz-tag-der-mimikresonanz-am-29-november-2022\"><\/a><\/p>\n<!-- \/wp:paragraph --><\/div>\n<!-- \/wp:group -->\n\n<!-- wp:heading -->\n<h2><\/h2>\n<!-- \/wp:heading -->","_et_gb_content_width":"","footnotes":""},"class_list":["post-1298","page","type-page","status-publish","hentry"],"_links":{"self":[{"href":"https:\/\/leben-daneben.de\/index.php?rest_route=\/wp\/v2\/pages\/1298","targetHints":{"allow":["GET"]}}],"collection":[{"href":"https:\/\/leben-daneben.de\/index.php?rest_route=\/wp\/v2\/pages"}],"about":[{"href":"https:\/\/leben-daneben.de\/index.php?rest_route=\/wp\/v2\/types\/page"}],"author":[{"embeddable":true,"href":"https:\/\/leben-daneben.de\/index.php?rest_route=\/wp\/v2\/users\/2"}],"replies":[{"embeddable":true,"href":"https:\/\/leben-daneben.de\/index.php?rest_route=%2Fwp%2Fv2%2Fcomments&post=1298"}],"version-history":[{"count":58,"href":"https:\/\/leben-daneben.de\/index.php?rest_route=\/wp\/v2\/pages\/1298\/revisions"}],"predecessor-version":[{"id":1488,"href":"https:\/\/leben-daneben.de\/index.php?rest_route=\/wp\/v2\/pages\/1298\/revisions\/1488"}],"wp:attachment":[{"href":"https:\/\/leben-daneben.de\/index.php?rest_route=%2Fwp%2Fv2%2Fmedia&parent=1298"}],"curies":[{"name":"wp","href":"https:\/\/api.w.org\/{rel}","templated":true}]}}