{"id":110,"date":"2020-02-07T16:43:03","date_gmt":"2020-02-07T16:43:03","guid":{"rendered":"http:\/\/leben-daneben.de\/?page_id=110"},"modified":"2025-02-26T12:42:30","modified_gmt":"2025-02-26T12:42:30","slug":"corina-homa-neu","status":"publish","type":"page","link":"https:\/\/leben-daneben.de\/","title":{"rendered":"Home"},"content":{"rendered":"<p>[et_pb_section fb_built=&#8220;1&#8243; fullwidth=&#8220;on&#8220; _builder_version=&#8220;4.3.2&#8243; background_image=&#8220;https:\/\/leben-daneben.de\/wp-content\/uploads\/2020\/02\/Corina-Lass_Portrait-2.png&#8220; animation_style=&#8220;slide&#8220; animation_direction=&#8220;top&#8220; animation_duration=&#8220;0ms&#8220; animation_intensity_slide=&#8220;2%&#8220; animation_starting_opacity=&#8220;100%&#8220;][et_pb_fullwidth_header title=&#8220;Leben daneben&#8220; button_one_text=&#8220;Mein Ansatz&#8220; button_one_url=&#8220;@ET-DC@eyJkeW5hbWljIjp0cnVlLCJjb250ZW50IjoicG9zdF9saW5rX3VybF9wYWdlIiwic2V0dGluZ3MiOnsicG9zdF9pZCI6IjU3In19@&#8220; content_max_width=&#8220;700px&#8220; _builder_version=&#8220;4.3.2&#8243; _dynamic_attributes=&#8220;button_one_url&#8220; title_font=&#8220;Lato||||||||&#8220; title_font_size=&#8220;60px&#8220; title_line_height=&#8220;1.2em&#8220; content_font=&#8220;||||||||&#8220; content_font_size=&#8220;20px&#8220; content_line_height=&#8220;1.8em&#8220; background_color=&#8220;rgba(255, 255, 255, 0)&#8220; use_background_color_gradient=&#8220;on&#8220; background_color_gradient_start=&#8220;rgba(2,104,237,0.35)&#8220; background_color_gradient_end=&#8220;rgba(0,0,0,0)&#8220; background_color_gradient_direction=&#8220;90deg&#8220; background_color_gradient_overlays_image=&#8220;on&#8220; background_enable_image=&#8220;off&#8220; background_position=&#8220;center_right&#8220; custom_button_two=&#8220;on&#8220; button_two_text_size=&#8220;22px&#8220; button_two_text_color=&#8220;#353740&#8243; button_two_bg_color=&#8220;rgba(224,207,177,0.91)&#8220; button_two_border_width=&#8220;0px&#8220; button_two_border_color=&#8220;#ffffff&#8220; button_two_border_radius=&#8220;0px&#8220; button_two_letter_spacing=&#8220;1px&#8220; button_two_font=&#8220;Lato||||||||&#8220; button_two_use_icon=&#8220;off&#8220; custom_margin=&#8220;|||&#8220; custom_padding=&#8220;16.4%||12%|||&#8220; button_one_letter_spacing_hover=&#8220;1px&#8220; button_two_letter_spacing_hover=&#8220;1px&#8220; global_module=&#8220;171&#8243; saved_tabs=&#8220;all&#8220; button_one_text_size__hover_enabled=&#8220;off&#8220; button_two_text_size__hover_enabled=&#8220;off&#8220; button_one_text_color__hover_enabled=&#8220;off&#8220; button_two_text_color__hover_enabled=&#8220;off&#8220; button_one_border_width__hover_enabled=&#8220;off&#8220; button_two_border_width__hover_enabled=&#8220;off&#8220; button_one_border_color__hover_enabled=&#8220;off&#8220; button_two_border_color__hover_enabled=&#8220;off&#8220; button_one_border_radius__hover_enabled=&#8220;off&#8220; button_two_border_radius__hover_enabled=&#8220;off&#8220; button_one_letter_spacing__hover_enabled=&#8220;on&#8220; button_one_letter_spacing__hover=&#8220;1px&#8220; button_two_letter_spacing__hover_enabled=&#8220;on&#8220; button_two_letter_spacing__hover=&#8220;1px&#8220; button_one_bg_color__hover_enabled=&#8220;off&#8220; button_two_bg_color__hover_enabled=&#8220;off&#8220;]<\/p>\n<p>Training | Coaching | Denkr\u00e4ume<\/p>\n<p>[\/et_pb_fullwidth_header][\/et_pb_section][et_pb_section fb_built=&#8220;1&#8243; admin_label=&#8220;Market Information Section&#8220; _builder_version=&#8220;4.3.2&#8243; background_color=&#8220;rgba(0,81,122,0.16)&#8220; custom_padding=&#8220;15px||4px|||&#8220;][et_pb_row column_structure=&#8220;1_3,2_3&#8243; admin_label=&#8220;Market Information Title Area&#8220; _builder_version=&#8220;3.25&#8243; custom_padding=&#8220;40px|0px|14px|0px||&#8220;][et_pb_column type=&#8220;1_3&#8243; _builder_version=&#8220;3.25&#8243; custom_padding=&#8220;|||&#8220; custom_padding__hover=&#8220;|||&#8220;][et_pb_text admin_label=&#8220;Title&#8220; _builder_version=&#8220;4.3.2&#8243; text_font=&#8220;||||||||&#8220; header_font=&#8220;||||||||&#8220; header_2_font=&#8220;Lato||||||||&#8220; header_2_font_size=&#8220;36px&#8220; header_2_line_height=&#8220;1.5em&#8220; custom_padding=&#8220;|||&#8220; animation_direction=&#8220;left&#8220;]<\/p>\n<h2>Leben daneben<\/h2>\n<p>[\/et_pb_text][\/et_pb_column][et_pb_column type=&#8220;2_3&#8243; _builder_version=&#8220;3.25&#8243; custom_padding=&#8220;|||&#8220; custom_padding__hover=&#8220;|||&#8220;][et_pb_text _builder_version=&#8220;4.3.2&#8243; text_font_size=&#8220;16px&#8220; text_line_height=&#8220;1.8em&#8220;]<\/p>\n<p>Komischer Name? Eigentlich nicht. Wir haben doch alle noch ein anderes Leben: neben dem Berufs- ein Privatleben, neben dem \u00e4u\u00dferen ein Innenleben, neben unserer Vergangenheit eine Zukunft &#8211; und manchmal im Alltag eine stille Sehnsucht nach einem ganz anderen Leben. Dabei ist alles schon da, vielleicht sehen wir es oder trauen uns nicht. Wenn wir das erst erkennen, dann sind wir auch schon mitten drin, im Leben daneben.<\/p>\n<p>[\/et_pb_text][\/et_pb_column][\/et_pb_row][\/et_pb_section][et_pb_section fb_built=&#8220;1&#8243; admin_label=&#8220;Market Information Section&#8220; _builder_version=&#8220;4.3.2&#8243; background_color=&#8220;rgba(0,81,122,0.16)&#8220; custom_padding=&#8220;15px||4px|||&#8220;][et_pb_row column_structure=&#8220;1_2,1_2&#8243; admin_label=&#8220;Market Openning Schedule&#8220; _builder_version=&#8220;3.25&#8243; custom_padding=&#8220;34px|0px|41px|0px||&#8220;][et_pb_column type=&#8220;1_2&#8243; _builder_version=&#8220;3.25&#8243; custom_padding=&#8220;|||&#8220; custom_padding__hover=&#8220;|||&#8220;][et_pb_image src=&#8220;https:\/\/leben-daneben.de\/wp-content\/uploads\/2020\/09\/Mimik.png&#8220; _builder_version=&#8220;4.3.2&#8243;][\/et_pb_image][et_pb_text admin_label=&#8220;Title&#8220; _builder_version=&#8220;4.3.2&#8243; text_font=&#8220;||||||||&#8220; header_font=&#8220;||||||||&#8220; header_2_font=&#8220;||||||||&#8220; header_3_font=&#8220;Lato|700|||||||&#8220; header_3_font_size=&#8220;18px&#8220; header_3_line_height=&#8220;1.5em&#8220; header_4_font=&#8220;Lato||||||||&#8220; header_4_font_size=&#8220;16px&#8220; header_4_line_height=&#8220;1.5em&#8220; custom_margin=&#8220;||0px|||&#8220; animation_style=&#8220;flip&#8220; animation_intensity_flip=&#8220;20%&#8220; animation_starting_opacity=&#8220;100%&#8220;]<\/p>\n<h3>Mimikresonanz\u00ae-Trainings<\/h3>\n<p>[\/et_pb_text][et_pb_text _builder_version=&#8220;4.3.2&#8243; text_font=&#8220;||||||||&#8220; text_font_size=&#8220;16px&#8220; text_line_height=&#8220;1.8em&#8220; header_font=&#8220;||||||||&#8220; animation_style=&#8220;flip&#8220; animation_intensity_flip=&#8220;20%&#8220; animation_starting_opacity=&#8220;100%&#8220;]<\/p>\n<p>Was ein Mensch empfindet, zeigt er nonverbal, vor allem in der Mimik. Erst wenn wir diese stillen Signale erkennen, sind wir in der Lage, die Bedeutung der Worte richtig einzusch\u00e4tzen und die Motive dahinter zu verstehen. Gut f\u00fcr den, der die Emotionen lesen kann: in Verhandlungen, im Verkauf, im Service und Sicherheitsdienst, in der Pflege, in der Liebe . . .\u00a0<\/p>\n<p>[\/et_pb_text][et_pb_button button_url=&#8220;@ET-DC@eyJkeW5hbWljIjp0cnVlLCJjb250ZW50IjoicG9zdF9saW5rX3VybF9wYWdlIiwic2V0dGluZ3MiOnsicG9zdF9pZCI6IjQ0In19@&#8220; button_text=&#8220;Mehr&#8220; _builder_version=&#8220;4.3.2&#8243; _dynamic_attributes=&#8220;button_url&#8220; custom_button=&#8220;on&#8220; button_text_color=&#8220;rgba(0,0,0,0.58)&#8220;][\/et_pb_button][\/et_pb_column][et_pb_column type=&#8220;1_2&#8243; _builder_version=&#8220;3.25&#8243; custom_padding=&#8220;|||&#8220; custom_padding__hover=&#8220;|||&#8220;][et_pb_image src=&#8220;https:\/\/leben-daneben.de\/wp-content\/uploads\/2020\/09\/Coaching-2.png&#8220; _builder_version=&#8220;4.3.2&#8243;][\/et_pb_image][et_pb_text admin_label=&#8220;Title&#8220; _builder_version=&#8220;4.3.2&#8243; text_font=&#8220;||||||||&#8220; header_font=&#8220;||||||||&#8220; header_2_font=&#8220;||||||||&#8220; header_3_font=&#8220;Lato|700|||||||&#8220; header_3_font_size=&#8220;18px&#8220; header_3_line_height=&#8220;1.5em&#8220; header_4_font=&#8220;Lato||||||||&#8220; header_4_font_size=&#8220;16px&#8220; header_4_line_height=&#8220;1.5em&#8220; custom_margin=&#8220;||0px|||&#8220; animation_style=&#8220;flip&#8220; animation_intensity_flip=&#8220;20%&#8220; animation_starting_opacity=&#8220;100%&#8220; locked=&#8220;off&#8220;]<\/p>\n<h3>Coaching<\/h3>\n<p>[\/et_pb_text][et_pb_text _builder_version=&#8220;3.27.4&#8243; text_font=&#8220;||||||||&#8220; text_font_size=&#8220;16px&#8220; text_line_height=&#8220;1.8em&#8220; header_font=&#8220;||||||||&#8220; animation_style=&#8220;flip&#8220; animation_intensity_flip=&#8220;20%&#8220; animation_starting_opacity=&#8220;100%&#8220; locked=&#8220;off&#8220;]<\/p>\n<p>Dich in deiner pers\u00f6nlichen und beruflichen Entwicklung begleiten und unterst\u00fctzen, Bewegung in festgefahrene Situationen bringen und dir einen neuen Blick auf die belastende Umst\u00e4nde erm\u00f6glichen: Bei mir bis du richtig, wenn du dich ver\u00e4ndern, deine verborgenen Ressourcen nutzen, deine Potenziale entfalten und deine Ziele erreichen willst.<\/p>\n<p>[\/et_pb_text][et_pb_button button_url=&#8220;@ET-DC@eyJkeW5hbWljIjp0cnVlLCJjb250ZW50IjoicG9zdF9saW5rX3VybF9wYWdlIiwic2V0dGluZ3MiOnsicG9zdF9pZCI6IjQ4In19@&#8220; url_new_window=&#8220;on&#8220; button_text=&#8220;Mehr&#8220; _builder_version=&#8220;4.3.2&#8243; _dynamic_attributes=&#8220;button_url&#8220; custom_button=&#8220;on&#8220; button_text_color=&#8220;rgba(0,0,0,0.5)&#8220;][\/et_pb_button][\/et_pb_column][\/et_pb_row][\/et_pb_section][et_pb_section fb_built=&#8220;1&#8243; admin_label=&#8220;Feature Section&#8220; _builder_version=&#8220;4.3.2&#8243; background_color=&#8220;rgba(0,81,122,0.16)&#8220; custom_padding=&#8220;13px||100px|||&#8220;][et_pb_row column_structure=&#8220;1_2,1_2&#8243; _builder_version=&#8220;4.3.2&#8243;][et_pb_column type=&#8220;1_2&#8243; _builder_version=&#8220;4.3.2&#8243;][et_pb_text _builder_version=&#8220;4.3.2&#8243; text_font_size=&#8220;16px&#8220;]<\/p>\n<p><strong>Leben daneben<br \/> Training | Coaching | Denkr\u00e4ume<\/strong><\/p>\n<p>Corina Lass<br \/>Am Sudholz 37<br \/>33613 Bielefeld<\/p>\n<p>Tel: 0177 2 67 46 25<br \/> E-Mail: info<span>[at]<\/span>leben-daneben.de<\/p>\n<p>[\/et_pb_text][\/et_pb_column][et_pb_column type=&#8220;1_2&#8243; _builder_version=&#8220;4.3.2&#8243;][et_pb_contact_form captcha=&#8220;off&#8220; email=&#8220;corina-lass@gmx.net&#8220; title=&#8220;Kontakt&#8220; custom_message=&#8220;Kontakt||et_pb_line_break_holder||||et_pb_line_break_holder||Name: %%Name%%||et_pb_line_break_holder||E-Mail-Adresse: %%Email%%||et_pb_line_break_holder||Nachricht: %%Message%%&#8220; _builder_version=&#8220;4.8.2&#8243; title_font=&#8220;|600|||||||&#8220; title_font_size=&#8220;18px&#8220; captcha_text_color=&#8220;#000000&#8243; custom_button=&#8220;on&#8220; button_text_size=&#8220;15px&#8220; button_text_color=&#8220;#000000&#8243;][et_pb_contact_field field_id=&#8220;Name&#8220; field_title=&#8220;Name:&#8220; _builder_version=&#8220;4.3.2&#8243; button_text_size__hover_enabled=&#8220;off&#8220; button_one_text_size__hover_enabled=&#8220;off&#8220; button_two_text_size__hover_enabled=&#8220;off&#8220; button_text_color__hover_enabled=&#8220;off&#8220; button_one_text_color__hover_enabled=&#8220;off&#8220; button_two_text_color__hover_enabled=&#8220;off&#8220; button_border_width__hover_enabled=&#8220;off&#8220; button_one_border_width__hover_enabled=&#8220;off&#8220; button_two_border_width__hover_enabled=&#8220;off&#8220; button_border_color__hover_enabled=&#8220;off&#8220; button_one_border_color__hover_enabled=&#8220;off&#8220; button_two_border_color__hover_enabled=&#8220;off&#8220; button_border_radius__hover_enabled=&#8220;off&#8220; button_one_border_radius__hover_enabled=&#8220;off&#8220; button_two_border_radius__hover_enabled=&#8220;off&#8220; button_letter_spacing__hover_enabled=&#8220;off&#8220; button_one_letter_spacing__hover_enabled=&#8220;off&#8220; button_two_letter_spacing__hover_enabled=&#8220;off&#8220; button_bg_color__hover_enabled=&#8220;off&#8220; button_one_bg_color__hover_enabled=&#8220;off&#8220; button_two_bg_color__hover_enabled=&#8220;off&#8220;][\/et_pb_contact_field][et_pb_contact_field field_id=&#8220;Email&#8220; field_title=&#8220;E-Mail-Adresse:&#8220; field_type=&#8220;email&#8220; _builder_version=&#8220;4.3.2&#8243; button_text_size__hover_enabled=&#8220;off&#8220; button_one_text_size__hover_enabled=&#8220;off&#8220; button_two_text_size__hover_enabled=&#8220;off&#8220; button_text_color__hover_enabled=&#8220;off&#8220; button_one_text_color__hover_enabled=&#8220;off&#8220; button_two_text_color__hover_enabled=&#8220;off&#8220; button_border_width__hover_enabled=&#8220;off&#8220; button_one_border_width__hover_enabled=&#8220;off&#8220; button_two_border_width__hover_enabled=&#8220;off&#8220; button_border_color__hover_enabled=&#8220;off&#8220; button_one_border_color__hover_enabled=&#8220;off&#8220; button_two_border_color__hover_enabled=&#8220;off&#8220; button_border_radius__hover_enabled=&#8220;off&#8220; button_one_border_radius__hover_enabled=&#8220;off&#8220; button_two_border_radius__hover_enabled=&#8220;off&#8220; button_letter_spacing__hover_enabled=&#8220;off&#8220; button_one_letter_spacing__hover_enabled=&#8220;off&#8220; button_two_letter_spacing__hover_enabled=&#8220;off&#8220; button_bg_color__hover_enabled=&#8220;off&#8220; button_one_bg_color__hover_enabled=&#8220;off&#8220; button_two_bg_color__hover_enabled=&#8220;off&#8220;][\/et_pb_contact_field][et_pb_contact_field field_id=&#8220;Message&#8220; field_title=&#8220;Nachricht:&#8220; field_type=&#8220;text&#8220; fullwidth_field=&#8220;on&#8220; _builder_version=&#8220;4.3.2&#8243; button_text_size__hover_enabled=&#8220;off&#8220; button_one_text_size__hover_enabled=&#8220;off&#8220; button_two_text_size__hover_enabled=&#8220;off&#8220; button_text_color__hover_enabled=&#8220;off&#8220; button_one_text_color__hover_enabled=&#8220;off&#8220; button_two_text_color__hover_enabled=&#8220;off&#8220; button_border_width__hover_enabled=&#8220;off&#8220; button_one_border_width__hover_enabled=&#8220;off&#8220; button_two_border_width__hover_enabled=&#8220;off&#8220; button_border_color__hover_enabled=&#8220;off&#8220; button_one_border_color__hover_enabled=&#8220;off&#8220; button_two_border_color__hover_enabled=&#8220;off&#8220; button_border_radius__hover_enabled=&#8220;off&#8220; button_one_border_radius__hover_enabled=&#8220;off&#8220; button_two_border_radius__hover_enabled=&#8220;off&#8220; button_letter_spacing__hover_enabled=&#8220;off&#8220; button_one_letter_spacing__hover_enabled=&#8220;off&#8220; button_two_letter_spacing__hover_enabled=&#8220;off&#8220; button_bg_color__hover_enabled=&#8220;off&#8220; button_one_bg_color__hover_enabled=&#8220;off&#8220; button_two_bg_color__hover_enabled=&#8220;off&#8220;][\/et_pb_contact_field][et_pb_contact_field field_id=&#8220;dsgvo&#8220; field_title=&#8220;Zustimmung zur Verarbeitung der Daten&#8220; field_type=&#8220;checkbox&#8220; checkbox_options=&#8220;%91{%22value%22:%22Ich stimme der Verarbeitung meiner Daten zu, gem\u00e4\u00df der %22,%22checked%22:0,%22dragID%22:0,%22link_url%22:%22https:\/\/leben-daneben.de\/?page_id=195%22,%22link_text%22:%22Datenschutzbestimmungen%22}%93&#8243; fullwidth_field=&#8220;on&#8220; _builder_version=&#8220;4.3.2&#8243;][\/et_pb_contact_field][\/et_pb_contact_form][\/et_pb_column][\/et_pb_row][\/et_pb_section]<\/p>\n","protected":false},"excerpt":{"rendered":"<p>[et_pb_section fb_built=&#8220;1&#8243; fullwidth=&#8220;on&#8220; _builder_version=&#8220;4.3.2&#8243; background_image=&#8220;https:\/\/leben-daneben.de\/wp-content\/uploads\/2020\/02\/Corina-Lass_Portrait-2.png&#8220; animation_style=&#8220;slide&#8220; animation_direction=&#8220;top&#8220; animation_duration=&#8220;0ms&#8220; animation_intensity_slide=&#8220;2%&#8220; animation_starting_opacity=&#8220;100%&#8220;][et_pb_fullwidth_header title=&#8220;Leben daneben&#8220; button_one_text=&#8220;Mein Ansatz&#8220; button_one_url=&#8220;@ET-DC@eyJkeW5hbWljIjp0cnVlLCJjb250ZW50IjoicG9zdF9saW5rX3VybF9wYWdlIiwic2V0dGluZ3MiOnsicG9zdF9pZCI6IjU3In19@&#8220; content_max_width=&#8220;700px&#8220; _builder_version=&#8220;4.3.2&#8243; _dynamic_attributes=&#8220;button_one_url&#8220; title_font=&#8220;Lato||||||||&#8220; title_font_size=&#8220;60px&#8220; title_line_height=&#8220;1.2em&#8220; content_font=&#8220;||||||||&#8220; content_font_size=&#8220;20px&#8220; content_line_height=&#8220;1.8em&#8220; background_color=&#8220;rgba(255, 255, 255, 0)&#8220; use_background_color_gradient=&#8220;on&#8220; background_color_gradient_start=&#8220;rgba(2,104,237,0.35)&#8220; background_color_gradient_end=&#8220;rgba(0,0,0,0)&#8220; background_color_gradient_direction=&#8220;90deg&#8220; background_color_gradient_overlays_image=&#8220;on&#8220; background_enable_image=&#8220;off&#8220; background_position=&#8220;center_right&#8220; custom_button_two=&#8220;on&#8220; button_two_text_size=&#8220;22px&#8220; button_two_text_color=&#8220;#353740&#8243; button_two_bg_color=&#8220;rgba(224,207,177,0.91)&#8220; button_two_border_width=&#8220;0px&#8220; button_two_border_color=&#8220;#ffffff&#8220; button_two_border_radius=&#8220;0px&#8220; button_two_letter_spacing=&#8220;1px&#8220; button_two_font=&#8220;Lato||||||||&#8220; button_two_use_icon=&#8220;off&#8220; custom_margin=&#8220;|||&#8220; custom_padding=&#8220;16.4%||12%|||&#8220; button_one_letter_spacing_hover=&#8220;1px&#8220; button_two_letter_spacing_hover=&#8220;1px&#8220; global_module=&#8220;171&#8243; saved_tabs=&#8220;all&#8220; button_one_text_size__hover_enabled=&#8220;off&#8220; button_two_text_size__hover_enabled=&#8220;off&#8220; button_one_text_color__hover_enabled=&#8220;off&#8220; button_two_text_color__hover_enabled=&#8220;off&#8220; [&hellip;]<\/p>\n","protected":false},"author":1,"featured_media":0,"parent":0,"menu_order":0,"comment_status":"closed","ping_status":"closed","template":"","meta":{"_et_pb_use_builder":"on","_et_pb_old_content":"","_et_gb_content_width":"","footnotes":""},"class_list":["post-110","page","type-page","status-publish","hentry"],"_links":{"self":[{"href":"https:\/\/leben-daneben.de\/index.php?rest_route=\/wp\/v2\/pages\/110","targetHints":{"allow":["GET"]}}],"collection":[{"href":"https:\/\/leben-daneben.de\/index.php?rest_route=\/wp\/v2\/pages"}],"about":[{"href":"https:\/\/leben-daneben.de\/index.php?rest_route=\/wp\/v2\/types\/page"}],"author":[{"embeddable":true,"href":"https:\/\/leben-daneben.de\/index.php?rest_route=\/wp\/v2\/users\/1"}],"replies":[{"embeddable":true,"href":"https:\/\/leben-daneben.de\/index.php?rest_route=%2Fwp%2Fv2%2Fcomments&post=110"}],"version-history":[{"count":87,"href":"https:\/\/leben-daneben.de\/index.php?rest_route=\/wp\/v2\/pages\/110\/revisions"}],"predecessor-version":[{"id":1483,"href":"https:\/\/leben-daneben.de\/index.php?rest_route=\/wp\/v2\/pages\/110\/revisions\/1483"}],"wp:attachment":[{"href":"https:\/\/leben-daneben.de\/index.php?rest_route=%2Fwp%2Fv2%2Fmedia&parent=110"}],"curies":[{"name":"wp","href":"https:\/\/api.w.org\/{rel}","templated":true}]}}